{"id":532,"date":"2020-07-27T16:21:24","date_gmt":"2020-07-27T14:21:24","guid":{"rendered":"https:\/\/sgcsped.it\/?page_id=532"},"modified":"2020-10-02T12:03:51","modified_gmt":"2020-10-02T10:03:51","slug":"servicios","status":"publish","type":"page","link":"https:\/\/sgcsped.it\/es\/servicios\/","title":{"rendered":"Servicios"},"content":{"rendered":"\n\n\n\n<div class=\"wp-block-coblocks-row coblocks-row-524103311985 row-princ-servizi\" data-columns=\"2\" data-layout=\"50-50\"><div class=\"wp-block-coblocks-row__inner has-medium-gutter has-no-padding has-no-margin is-stacked-on-mobile\">\n<div class=\"wp-block-coblocks-column coblocks-column-524103314980 col-servizi\" style=\"width:50.00%\"><div class=\"wp-block-coblocks-column__inner has-no-padding has-no-margin\">\n<h2 class=\"title-servizi wp-block-heading\">SERVICIO IMPORTACI\u00d3N<\/h2>\n\n\n\n<ul class=\"wp-block-list\"><li>Contacto directo con el proveedor y, si necesario, participaci\u00f3n de nuestros agentes locales.&nbsp;<\/li><li>B\u00fasqueda de las mejores soluciones de transporte seg\u00fan el tipo de carga y las necesidades del cliente.&nbsp;<\/li><li>Actualizaciones peri\u00f3dicas y regulares sobre el estatus de las \u00f3rdenes y de los embarques.<\/li><li>Gesti\u00f3n de los tr\u00e1mites aduaneros y entrega de la mercanc\u00eda.&nbsp;<\/li><\/ul>\n<\/div><\/div>\n\n\n\n<div class=\"wp-block-coblocks-column coblocks-column-52410331517 col-img\" style=\"width:50.00%\"><div class=\"wp-block-coblocks-column__inner has-no-padding has-no-margin\">\n<figure class=\"wp-block-image size-large is-resized\"><img loading=\"lazy\" decoding=\"async\" src=\"https:\/\/sgcsped.it\/wp-content\/uploads\/2020\/07\/SERVIZI-IMPORT-QUADRATO.png\" alt=\"\" class=\"wp-image-363\" width=\"300\" height=\"300\" srcset=\"https:\/\/sgcsped.it\/wp-content\/uploads\/2020\/07\/SERVIZI-IMPORT-QUADRATO.png 795w, https:\/\/sgcsped.it\/wp-content\/uploads\/2020\/07\/SERVIZI-IMPORT-QUADRATO-300x300.png 300w, https:\/\/sgcsped.it\/wp-content\/uploads\/2020\/07\/SERVIZI-IMPORT-QUADRATO-150x150.png 150w, https:\/\/sgcsped.it\/wp-content\/uploads\/2020\/07\/SERVIZI-IMPORT-QUADRATO-768x768.png 768w\" sizes=\"auto, (max-width: 300px) 100vw, 300px\" \/><\/figure>\n<\/div><\/div>\n<\/div><\/div>\n\n\n\n<div class=\"wp-block-coblocks-row coblocks-row-524103311985 row-princ-servizi\" data-columns=\"2\" data-layout=\"50-50\"><div class=\"wp-block-coblocks-row__inner has-medium-gutter has-no-padding has-no-margin is-stacked-on-mobile\">\n<div class=\"wp-block-coblocks-column coblocks-column-524103314980 col-img\" style=\"width:50.00%\"><div class=\"wp-block-coblocks-column__inner has-no-padding has-no-margin\">\n<figure class=\"wp-block-image size-large is-resized\"><img loading=\"lazy\" decoding=\"async\" src=\"https:\/\/sgcsped.it\/wp-content\/uploads\/2020\/07\/SERVIZI-EXPORT-QUADRATO.png\" alt=\"\" class=\"wp-image-360\" width=\"300\" height=\"300\" srcset=\"https:\/\/sgcsped.it\/wp-content\/uploads\/2020\/07\/SERVIZI-EXPORT-QUADRATO.png 795w, https:\/\/sgcsped.it\/wp-content\/uploads\/2020\/07\/SERVIZI-EXPORT-QUADRATO-300x300.png 300w, https:\/\/sgcsped.it\/wp-content\/uploads\/2020\/07\/SERVIZI-EXPORT-QUADRATO-150x150.png 150w, https:\/\/sgcsped.it\/wp-content\/uploads\/2020\/07\/SERVIZI-EXPORT-QUADRATO-768x768.png 768w\" sizes=\"auto, (max-width: 300px) 100vw, 300px\" \/><\/figure>\n<\/div><\/div>\n\n\n\n<div class=\"wp-block-coblocks-column coblocks-column-52410331517 col-servizi\" style=\"width:50.00%\"><div class=\"wp-block-coblocks-column__inner has-no-padding has-no-margin\">\n<h2 class=\"title-servizi wp-block-heading\">SERVICIO EXPORTACI\u00d3N<\/h2>\n\n\n\n<ul class=\"wp-block-list\"><li>Gesti\u00f3n completa de los embarque hacia cualquier destino en el mundo.&nbsp;<\/li><li>Asistencia en los pa\u00edses donde tenemos a nuestros agentes de confianza (ver p\u00e1gina \u201cNuestros agentes\u201d).&nbsp;<\/li><li>Consultor\u00eda documental en caso de embarques con cartas de cr\u00e9dito y C.A.D.&nbsp;<\/li><li>Embarque de efectos personales y mercanc\u00eda \u201cusada\u201d.&nbsp;<\/li><li>Apoyo para la emisi\u00f3n de visados o cualquier otro documento necesario en destino.&nbsp;<\/li><\/ul>\n<\/div><\/div>\n<\/div><\/div>\n\n\n\n<div class=\"wp-block-coblocks-row coblocks-row-524103311985 row-princ-servizi\" data-columns=\"2\" data-layout=\"50-50\"><div class=\"wp-block-coblocks-row__inner has-medium-gutter has-no-padding has-no-margin is-stacked-on-mobile\">\n<div class=\"wp-block-coblocks-column coblocks-column-524103314980 col-servizi\" style=\"width:50.00%\"><div class=\"wp-block-coblocks-column__inner has-no-padding has-no-margin\">\n<h2 class=\"title-servizi wp-block-heading\">CONSULTOR\u00cdA SOBRE CUESTIONES ADUANERAS Y DE DOCUMENTACI\u00d3N<\/h2>\n\n\n\n<ul class=\"wp-block-list\"><li>B\u00fasqueda de la partida arancelaria m\u00e1s adecuada y control de restricciones y\/o autorizaciones espec\u00edficas requeridas.&nbsp;<\/li><li>Seguimiento y control de los borradores de cartas de cr\u00e9dito y investigaci\u00f3n sobre el modo de transporte m\u00e1s apropiado.&nbsp;<\/li><li>Operaciones de importaci\u00f3n con \u201cDep\u00f3sito Aduanero\u201d.&nbsp;<\/li><\/ul>\n<\/div><\/div>\n\n\n\n<div class=\"wp-block-coblocks-column coblocks-column-52410331517 col-img\" style=\"width:50.00%\"><div class=\"wp-block-coblocks-column__inner has-no-padding has-no-margin\">\n<figure class=\"wp-block-image size-large is-resized\"><img loading=\"lazy\" decoding=\"async\" src=\"https:\/\/sgcsped.it\/wp-content\/uploads\/2020\/07\/SERVIZI-CONSULENZA-DOGANALE-QUADRATO.png\" alt=\"\" class=\"wp-image-357\" width=\"300\" height=\"300\" srcset=\"https:\/\/sgcsped.it\/wp-content\/uploads\/2020\/07\/SERVIZI-CONSULENZA-DOGANALE-QUADRATO.png 795w, https:\/\/sgcsped.it\/wp-content\/uploads\/2020\/07\/SERVIZI-CONSULENZA-DOGANALE-QUADRATO-300x300.png 300w, https:\/\/sgcsped.it\/wp-content\/uploads\/2020\/07\/SERVIZI-CONSULENZA-DOGANALE-QUADRATO-150x150.png 150w, https:\/\/sgcsped.it\/wp-content\/uploads\/2020\/07\/SERVIZI-CONSULENZA-DOGANALE-QUADRATO-768x768.png 768w\" sizes=\"auto, (max-width: 300px) 100vw, 300px\" \/><\/figure>\n<\/div><\/div>\n<\/div><\/div>\n\n\n\n<div class=\"wp-block-coblocks-row coblocks-row-524103311985 row-princ-servizi\" data-columns=\"2\" data-layout=\"50-50\"><div class=\"wp-block-coblocks-row__inner has-medium-gutter has-no-padding has-no-margin is-stacked-on-mobile\">\n<div class=\"wp-block-coblocks-column coblocks-column-524103314980 col-img\" style=\"width:50.00%\"><div class=\"wp-block-coblocks-column__inner has-no-padding has-no-margin\">\n<figure class=\"wp-block-image size-large is-resized\"><img loading=\"lazy\" decoding=\"async\" src=\"https:\/\/sgcsped.it\/wp-content\/uploads\/2020\/07\/SERVIZIO-LOGISTICA-E-GESTIONE-QUADRATO.png\" alt=\"\" class=\"wp-image-366\" width=\"300\" height=\"300\" srcset=\"https:\/\/sgcsped.it\/wp-content\/uploads\/2020\/07\/SERVIZIO-LOGISTICA-E-GESTIONE-QUADRATO.png 795w, https:\/\/sgcsped.it\/wp-content\/uploads\/2020\/07\/SERVIZIO-LOGISTICA-E-GESTIONE-QUADRATO-300x300.png 300w, https:\/\/sgcsped.it\/wp-content\/uploads\/2020\/07\/SERVIZIO-LOGISTICA-E-GESTIONE-QUADRATO-150x150.png 150w, https:\/\/sgcsped.it\/wp-content\/uploads\/2020\/07\/SERVIZIO-LOGISTICA-E-GESTIONE-QUADRATO-768x768.png 768w\" sizes=\"auto, (max-width: 300px) 100vw, 300px\" \/><\/figure>\n<\/div><\/div>\n\n\n\n<div class=\"wp-block-coblocks-column coblocks-column-52410331517 col-servizi\" style=\"width:50.00%\"><div class=\"wp-block-coblocks-column__inner has-no-padding has-no-margin\">\n<h2 class=\"title-servizi wp-block-heading\">L\u00d3GISTICA, ALMACENAJE Y DISTRIBUCI\u00d3N<\/h2>\n\n\n\n<p>Podemos ofrecer un <em>servicio dedicado<\/em> de gesti\u00f3n l\u00f3gistica, empezando por la preparaci\u00f3n de las \u00f3rdenes y terminando con el env\u00edo al cliente final.&nbsp;<br>Control de inventario e informes mensuales.&nbsp;<br>Contamos con almacenes de confianza donde podemos introducir la mercanc\u00eda en dep\u00f3sito aduanero.&nbsp;<\/p>\n<\/div><\/div>\n<\/div><\/div>\n\n\n\n<div class=\"wp-block-coblocks-row coblocks-row-62311407675 row-preventivo-servizi\" data-columns=\"1\" data-layout=\"100\"><div class=\"wp-block-coblocks-row__inner has-medium-gutter has-no-padding has-no-margin is-stacked-on-mobile\">\n<div class=\"wp-block-coblocks-column coblocks-column-62311409183\" style=\"width:100%\"><div class=\"wp-block-coblocks-column__inner has-no-padding has-no-margin\">\n<h2 class=\"title-servizi wp-block-heading\"><strong>OBTENER UN PRESUPUESTO<\/strong><\/h2>\n\n\n\n<div class=\"wpcf7 no-js\" id=\"wpcf7-f853-o1\" lang=\"it-IT\" dir=\"ltr\" data-wpcf7-id=\"853\">\n<div class=\"screen-reader-response\"><p role=\"status\" aria-live=\"polite\" aria-atomic=\"true\"><\/p> <ul><\/ul><\/div>\n<form action=\"\/es\/wp-json\/wp\/v2\/pages\/532#wpcf7-f853-o1\" method=\"post\" class=\"wpcf7-form init\" aria-label=\"Modulo di contatto\" novalidate=\"novalidate\" data-status=\"init\">\n<div style=\"display: none;\">\n<input type=\"hidden\" name=\"_wpcf7\" value=\"853\" \/>\n<input type=\"hidden\" name=\"_wpcf7_version\" value=\"6.0.6\" \/>\n<input type=\"hidden\" name=\"_wpcf7_locale\" value=\"it_IT\" \/>\n<input type=\"hidden\" name=\"_wpcf7_unit_tag\" value=\"wpcf7-f853-o1\" \/>\n<input type=\"hidden\" name=\"_wpcf7_container_post\" value=\"0\" \/>\n<input type=\"hidden\" name=\"_wpcf7_posted_data_hash\" value=\"\" \/>\n<input type=\"hidden\" name=\"_wpcf7dtx_version\" value=\"5.0.3\" \/>\n<\/div>\n<div class=\"cf7-div\">\n\t<div class=\"row\">\n\t\t<div class=\"column small-100 medium-50 large-50\">\n\t\t\t<div class=\"row\">\n\t\t\t\t<div class=\"column small-100 medium-50 large-50\">\n\t\t\t\t\t<p class=\"cf7-p\">Nombre*\n\t\t\t\t\t<\/p>\n\t\t\t\t\t<p><span class=\"wpcf7-form-control-wrap\" data-name=\"nome\"><input size=\"40\" maxlength=\"400\" class=\"wpcf7-form-control wpcf7-text wpcf7-validates-as-required\" aria-required=\"true\" aria-invalid=\"false\" value=\"\" type=\"text\" name=\"nome\" \/><\/span>\n\t\t\t\t\t<\/p>\n\t\t\t\t<\/div>\n\t\t\t\t<div class=\"column small-100 medium-50 large-50\">\n\t\t\t\t\t<p class=\"cf7-p\">Apellido*\n\t\t\t\t\t<\/p>\n\t\t\t\t\t<p><span class=\"wpcf7-form-control-wrap\" data-name=\"cognome\"><input size=\"40\" maxlength=\"400\" class=\"wpcf7-form-control wpcf7-text wpcf7-validates-as-required\" aria-required=\"true\" aria-invalid=\"false\" value=\"\" type=\"text\" name=\"cognome\" \/><\/span>\n\t\t\t\t\t<\/p>\n\t\t\t\t<\/div>\n\t\t\t\t<div class=\"column small-100 medium-100 large-100\">\n\t\t\t\t\t<p class=\"cf7-p\">Tel\u00e9fono\n\t\t\t\t\t<\/p>\n\t\t\t\t\t<p><span class=\"wpcf7-form-control-wrap\" data-name=\"tel\"><input size=\"40\" maxlength=\"400\" class=\"wpcf7-form-control wpcf7-tel wpcf7-text wpcf7-validates-as-tel\" aria-invalid=\"false\" value=\"\" type=\"tel\" name=\"tel\" \/><\/span>\n\t\t\t\t\t<\/p>\n\t\t\t\t<\/div>\n\t\t\t\t<div class=\"column small-100 medium-100 large-100\">\n\t\t\t\t\t<p class=\"cf7-p\">Email*\n\t\t\t\t\t<\/p>\n\t\t\t\t\t<p><span class=\"wpcf7-form-control-wrap\" data-name=\"email\"><input size=\"40\" maxlength=\"400\" class=\"wpcf7-form-control wpcf7-email wpcf7-validates-as-required wpcf7-text wpcf7-validates-as-email\" aria-required=\"true\" aria-invalid=\"false\" value=\"\" type=\"email\" name=\"email\" \/><\/span>\n\t\t\t\t\t<\/p>\n\t\t\t\t<\/div>\n\t\t\t\t<div class=\"column small-100 medium-100 large-100\">\n\t\t\t\t\t<p class=\"cf7-p\">Origen mercanderia*\n\t\t\t\t\t<\/p>\n\t\t\t\t\t<p><span class=\"wpcf7-form-control-wrap\" data-name=\"citta_o\"><input size=\"40\" maxlength=\"400\" class=\"wpcf7-form-control wpcf7-text wpcf7-validates-as-required\" aria-required=\"true\" aria-invalid=\"false\" value=\"\" type=\"text\" name=\"citta_o\" \/><\/span>\n\t\t\t\t\t<\/p>\n\t\t\t\t<\/div>\n\t\t\t\t<div class=\"column small-100 medium-50 large-50\">\n\t\t\t\t\t<p class=\"cf7-p\">Codigo postal (origen)*\n\t\t\t\t\t<\/p>\n\t\t\t\t\t<p><span class=\"wpcf7-form-control-wrap\" data-name=\"cap_o\"><input size=\"40\" maxlength=\"400\" class=\"wpcf7-form-control wpcf7-text wpcf7-validates-as-required\" aria-required=\"true\" aria-invalid=\"false\" value=\"\" type=\"text\" name=\"cap_o\" \/><\/span>\n\t\t\t\t\t<\/p>\n\t\t\t\t<\/div>\n\t\t\t\t<div class=\"column small-100 medium-50 large-50\">\n\t\t\t\t\t<p class=\"cf7-p\">Pais o Region de origen*\n\t\t\t\t\t<\/p>\n\t\t\t\t\t<p><span class=\"wpcf7-form-control-wrap\" data-name=\"nazione_o\"><input size=\"40\" maxlength=\"400\" class=\"wpcf7-form-control wpcf7-text wpcf7-validates-as-required\" aria-required=\"true\" aria-invalid=\"false\" value=\"\" type=\"text\" name=\"nazione_o\" \/><\/span>\n\t\t\t\t\t<\/p>\n\t\t\t\t<\/div>\n\t\t\t<\/div>\n\t\t<\/div>\n\t\t<div class=\"column small-100 medium-50 large-50\">\n\t\t\t<div class=\"row\">\n\t\t\t\t<div class=\"column small-100 medium-100 large-100\">\n\t\t\t\t\t<p class=\"cf7-p\">Ciudad de destino*\n\t\t\t\t\t<\/p>\n\t\t\t\t\t<p><span class=\"wpcf7-form-control-wrap\" data-name=\"citta_d\"><input size=\"40\" maxlength=\"400\" class=\"wpcf7-form-control wpcf7-text wpcf7-validates-as-required\" aria-required=\"true\" aria-invalid=\"false\" value=\"\" type=\"text\" name=\"citta_d\" \/><\/span>\n\t\t\t\t\t<\/p>\n\t\t\t\t<\/div>\n\t\t\t\t<div class=\"column small-100 medium-50 large-50\">\n\t\t\t\t\t<p class=\"cf7-p\">Codigo Postal (destino)*\n\t\t\t\t\t<\/p>\n\t\t\t\t\t<p><span class=\"wpcf7-form-control-wrap\" data-name=\"cap_d\"><input size=\"40\" maxlength=\"400\" class=\"wpcf7-form-control wpcf7-text wpcf7-validates-as-required\" aria-required=\"true\" aria-invalid=\"false\" value=\"\" type=\"text\" name=\"cap_d\" \/><\/span>\n\t\t\t\t\t<\/p>\n\t\t\t\t<\/div>\n\t\t\t\t<div class=\"column small-100 medium-50 large-50\">\n\t\t\t\t\t<p class=\"cf7-p\">Pais o Region de destino*\n\t\t\t\t\t<\/p>\n\t\t\t\t\t<p><span class=\"wpcf7-form-control-wrap\" data-name=\"nazione_d\"><input size=\"40\" maxlength=\"400\" class=\"wpcf7-form-control wpcf7-text wpcf7-validates-as-required\" aria-required=\"true\" aria-invalid=\"false\" value=\"\" type=\"text\" name=\"nazione_d\" \/><\/span>\n\t\t\t\t\t<\/p>\n\t\t\t\t<\/div>\n\t\t\t\t<div class=\"column small-100 medium-50 large-50\">\n\t\t\t\t\t<p class=\"cf7-p\">Bultos\n\t\t\t\t\t<\/p>\n\t\t\t\t\t<p><span class=\"wpcf7-form-control-wrap\" data-name=\"n_colli\"><input size=\"40\" maxlength=\"400\" class=\"wpcf7-form-control wpcf7-text\" aria-invalid=\"false\" value=\"\" type=\"text\" name=\"n_colli\" \/><\/span>\n\t\t\t\t\t<\/p>\n\t\t\t\t<\/div>\n\t\t\t\t<div class=\"column small-100 medium-50 large-50\">\n\t\t\t\t\t<p class=\"cf7-p\">Mercanderia\n\t\t\t\t\t<\/p>\n\t\t\t\t\t<p><span class=\"wpcf7-form-control-wrap\" data-name=\"merce\"><input size=\"40\" maxlength=\"400\" class=\"wpcf7-form-control wpcf7-text\" aria-invalid=\"false\" value=\"\" type=\"text\" name=\"merce\" \/><\/span>\n\t\t\t\t\t<\/p>\n\t\t\t\t<\/div>\n\t\t\t\t<div class=\"column small-100 medium-33 large-33\">\n\t\t\t\t\t<p class=\"cf7-p\">Alto\n\t\t\t\t\t<\/p>\n\t\t\t\t\t<p><span class=\"wpcf7-form-control-wrap\" data-name=\"altezza\"><input class=\"wpcf7-form-control wpcf7-number wpcf7-validates-as-number\" aria-invalid=\"false\" value=\"\" type=\"number\" name=\"altezza\" \/><\/span>\n\t\t\t\t\t<\/p>\n\t\t\t\t<\/div>\n\t\t\t\t<div class=\"column small-100 medium-33 large-33\">\n\t\t\t\t\t<p class=\"cf7-p\">Ancho\n\t\t\t\t\t<\/p>\n\t\t\t\t\t<p><span class=\"wpcf7-form-control-wrap\" data-name=\"lunghezza\"><input class=\"wpcf7-form-control wpcf7-number wpcf7-validates-as-number\" aria-invalid=\"false\" value=\"\" type=\"number\" name=\"lunghezza\" \/><\/span>\n\t\t\t\t\t<\/p>\n\t\t\t\t<\/div>\n\t\t\t\t<div class=\"column small-100 medium-33 large-33\">\n\t\t\t\t\t<p class=\"cf7-p\">Largo\n\t\t\t\t\t<\/p>\n\t\t\t\t\t<p><span class=\"wpcf7-form-control-wrap\" data-name=\"larghezza\"><input class=\"wpcf7-form-control wpcf7-number wpcf7-validates-as-number\" aria-invalid=\"false\" value=\"\" type=\"number\" name=\"larghezza\" \/><\/span>\n\t\t\t\t\t<\/p>\n\t\t\t\t<\/div>\n\t\t\t\t<div class=\"column small-100 medium-50 large-50\">\n\t\t\t\t\t<p class=\"cf7-p\">Peso\n\t\t\t\t\t<\/p>\n\t\t\t\t\t<p><span class=\"wpcf7-form-control-wrap\" data-name=\"peso\"><input class=\"wpcf7-form-control wpcf7-number wpcf7-validates-as-number\" aria-invalid=\"false\" value=\"\" type=\"number\" name=\"peso\" \/><\/span>\n\t\t\t\t\t<\/p>\n\t\t\t\t<\/div>\n\t\t\t\t<div class=\"column small-100 medium-50 large-50\">\n\t\t\t\t\t<p class=\"cf7-p\">Empaque\/embalaje\n\t\t\t\t\t<\/p>\n\t\t\t\t\t<p><span class=\"wpcf7-form-control-wrap\" data-name=\"imballo\"><input size=\"40\" maxlength=\"400\" class=\"wpcf7-form-control wpcf7-text\" aria-invalid=\"false\" value=\"\" type=\"text\" name=\"imballo\" \/><\/span>\n\t\t\t\t\t<\/p>\n\t\t\t\t<\/div>\n\t\t\t<\/div>\n\t\t<\/div>\n\t<\/div>\n\t<p><span class=\"wpcf7-form-control-wrap\" data-name=\"acceptance-105\"><span class=\"wpcf7-form-control wpcf7-acceptance\"><span class=\"wpcf7-list-item\"><label><input type=\"checkbox\" name=\"acceptance-105\" value=\"1\" aria-invalid=\"false\" \/><span class=\"wpcf7-list-item-label\">De conformidad con y para los fines del art.13 GDPR 679\/16, al firmar este formulario, doy mi consentimiento para el procesamiento de los datos personales proporcionados despu\u00e9s del env\u00edo. Para m\u00e1s informaci\u00f3n lea el <a href=\"https:\/\/www.privacylab.it\/informativa.php?23841492081\" target=\"_blank\">Privacy-Policy<\/a>.<\/span><\/label><\/span><\/span><\/span>\n\t<\/p>\n\t<p><input class=\"wpcf7-form-control wpcf7-submit has-spinner button\" type=\"submit\" value=\"Enviar\" \/>\n\t<\/p>\n<\/div><div class=\"wpcf7-response-output\" aria-hidden=\"true\"><\/div>\n<\/form>\n<\/div>\n\n<\/div><\/div>\n<\/div><\/div>\n","protected":false},"excerpt":{"rendered":"","protected":false},"author":1,"featured_media":0,"parent":0,"menu_order":0,"comment_status":"closed","ping_status":"closed","template":"","meta":{"_acf_changed":false,"_coblocks_attr":"","_coblocks_dimensions":"","_coblocks_responsive_height":"","_coblocks_accordion_ie_support":"","footnotes":""},"class_list":["post-532","page","type-page","status-publish","hentry"],"acf":[],"yoast_head":"<!-- This site is optimized with the Yoast SEO plugin v24.9 - https:\/\/yoast.com\/wordpress\/plugins\/seo\/ -->\n<title>Servicios - SGC sped<\/title>\n<meta name=\"robots\" content=\"index, follow, max-snippet:-1, max-image-preview:large, max-video-preview:-1\" \/>\n<link rel=\"canonical\" href=\"https:\/\/sgcsped.it\/es\/servicios\/\" \/>\n<meta property=\"og:locale\" content=\"es_ES\" \/>\n<meta property=\"og:type\" content=\"article\" \/>\n<meta property=\"og:title\" content=\"Servicios - SGC sped\" \/>\n<meta property=\"og:url\" content=\"https:\/\/sgcsped.it\/es\/servicios\/\" \/>\n<meta property=\"og:site_name\" content=\"SGC sped\" \/>\n<meta property=\"article:modified_time\" content=\"2020-10-02T10:03:51+00:00\" \/>\n<meta property=\"og:image\" content=\"https:\/\/sgcsped.it\/wp-content\/uploads\/2020\/07\/SERVIZI-IMPORT-QUADRATO.png\" \/>\n<meta name=\"twitter:card\" content=\"summary_large_image\" \/>\n<meta name=\"twitter:label1\" content=\"Tiempo de lectura\" \/>\n\t<meta name=\"twitter:data1\" content=\"1 minuto\" \/>\n<script type=\"application\/ld+json\" class=\"yoast-schema-graph\">{\"@context\":\"https:\/\/schema.org\",\"@graph\":[{\"@type\":\"WebPage\",\"@id\":\"https:\/\/sgcsped.it\/es\/servicios\/\",\"url\":\"https:\/\/sgcsped.it\/es\/servicios\/\",\"name\":\"Servicios - SGC sped\",\"isPartOf\":{\"@id\":\"https:\/\/sgcsped.it\/#website\"},\"primaryImageOfPage\":{\"@id\":\"https:\/\/sgcsped.it\/es\/servicios\/#primaryimage\"},\"image\":{\"@id\":\"https:\/\/sgcsped.it\/es\/servicios\/#primaryimage\"},\"thumbnailUrl\":\"https:\/\/sgcsped.it\/wp-content\/uploads\/2020\/07\/SERVIZI-IMPORT-QUADRATO.png\",\"datePublished\":\"2020-07-27T14:21:24+00:00\",\"dateModified\":\"2020-10-02T10:03:51+00:00\",\"inLanguage\":\"es\",\"potentialAction\":[{\"@type\":\"ReadAction\",\"target\":[\"https:\/\/sgcsped.it\/es\/servicios\/\"]}]},{\"@type\":\"ImageObject\",\"inLanguage\":\"es\",\"@id\":\"https:\/\/sgcsped.it\/es\/servicios\/#primaryimage\",\"url\":\"https:\/\/sgcsped.it\/wp-content\/uploads\/2020\/07\/SERVIZI-IMPORT-QUADRATO.png\",\"contentUrl\":\"https:\/\/sgcsped.it\/wp-content\/uploads\/2020\/07\/SERVIZI-IMPORT-QUADRATO.png\"},{\"@type\":\"WebSite\",\"@id\":\"https:\/\/sgcsped.it\/#website\",\"url\":\"https:\/\/sgcsped.it\/\",\"name\":\"SGC sped\",\"description\":\"Un nuovo sito targato WordPress\",\"publisher\":{\"@id\":\"https:\/\/sgcsped.it\/#organization\"},\"potentialAction\":[{\"@type\":\"SearchAction\",\"target\":{\"@type\":\"EntryPoint\",\"urlTemplate\":\"https:\/\/sgcsped.it\/?s={search_term_string}\"},\"query-input\":{\"@type\":\"PropertyValueSpecification\",\"valueRequired\":true,\"valueName\":\"search_term_string\"}}],\"inLanguage\":\"es\"},{\"@type\":\"Organization\",\"@id\":\"https:\/\/sgcsped.it\/#organization\",\"name\":\"SGC sped\",\"url\":\"https:\/\/sgcsped.it\/\",\"logo\":{\"@type\":\"ImageObject\",\"inLanguage\":\"es\",\"@id\":\"https:\/\/sgcsped.it\/#\/schema\/logo\/image\/\",\"url\":\"https:\/\/sgcsped.it\/wp-content\/uploads\/2020\/06\/cropped-logo-sgc-1500-sito.png\",\"contentUrl\":\"https:\/\/sgcsped.it\/wp-content\/uploads\/2020\/06\/cropped-logo-sgc-1500-sito.png\",\"width\":1500,\"height\":738,\"caption\":\"SGC sped\"},\"image\":{\"@id\":\"https:\/\/sgcsped.it\/#\/schema\/logo\/image\/\"}}]}<\/script>\n<!-- \/ Yoast SEO plugin. -->","yoast_head_json":{"title":"Servicios - SGC sped","robots":{"index":"index","follow":"follow","max-snippet":"max-snippet:-1","max-image-preview":"max-image-preview:large","max-video-preview":"max-video-preview:-1"},"canonical":"https:\/\/sgcsped.it\/es\/servicios\/","og_locale":"es_ES","og_type":"article","og_title":"Servicios - SGC sped","og_url":"https:\/\/sgcsped.it\/es\/servicios\/","og_site_name":"SGC sped","article_modified_time":"2020-10-02T10:03:51+00:00","og_image":[{"url":"https:\/\/sgcsped.it\/wp-content\/uploads\/2020\/07\/SERVIZI-IMPORT-QUADRATO.png","type":"","width":"","height":""}],"twitter_card":"summary_large_image","twitter_misc":{"Tiempo de lectura":"1 minuto"},"schema":{"@context":"https:\/\/schema.org","@graph":[{"@type":"WebPage","@id":"https:\/\/sgcsped.it\/es\/servicios\/","url":"https:\/\/sgcsped.it\/es\/servicios\/","name":"Servicios - SGC sped","isPartOf":{"@id":"https:\/\/sgcsped.it\/#website"},"primaryImageOfPage":{"@id":"https:\/\/sgcsped.it\/es\/servicios\/#primaryimage"},"image":{"@id":"https:\/\/sgcsped.it\/es\/servicios\/#primaryimage"},"thumbnailUrl":"https:\/\/sgcsped.it\/wp-content\/uploads\/2020\/07\/SERVIZI-IMPORT-QUADRATO.png","datePublished":"2020-07-27T14:21:24+00:00","dateModified":"2020-10-02T10:03:51+00:00","inLanguage":"es","potentialAction":[{"@type":"ReadAction","target":["https:\/\/sgcsped.it\/es\/servicios\/"]}]},{"@type":"ImageObject","inLanguage":"es","@id":"https:\/\/sgcsped.it\/es\/servicios\/#primaryimage","url":"https:\/\/sgcsped.it\/wp-content\/uploads\/2020\/07\/SERVIZI-IMPORT-QUADRATO.png","contentUrl":"https:\/\/sgcsped.it\/wp-content\/uploads\/2020\/07\/SERVIZI-IMPORT-QUADRATO.png"},{"@type":"WebSite","@id":"https:\/\/sgcsped.it\/#website","url":"https:\/\/sgcsped.it\/","name":"SGC sped","description":"Un nuovo sito targato WordPress","publisher":{"@id":"https:\/\/sgcsped.it\/#organization"},"potentialAction":[{"@type":"SearchAction","target":{"@type":"EntryPoint","urlTemplate":"https:\/\/sgcsped.it\/?s={search_term_string}"},"query-input":{"@type":"PropertyValueSpecification","valueRequired":true,"valueName":"search_term_string"}}],"inLanguage":"es"},{"@type":"Organization","@id":"https:\/\/sgcsped.it\/#organization","name":"SGC sped","url":"https:\/\/sgcsped.it\/","logo":{"@type":"ImageObject","inLanguage":"es","@id":"https:\/\/sgcsped.it\/#\/schema\/logo\/image\/","url":"https:\/\/sgcsped.it\/wp-content\/uploads\/2020\/06\/cropped-logo-sgc-1500-sito.png","contentUrl":"https:\/\/sgcsped.it\/wp-content\/uploads\/2020\/06\/cropped-logo-sgc-1500-sito.png","width":1500,"height":738,"caption":"SGC sped"},"image":{"@id":"https:\/\/sgcsped.it\/#\/schema\/logo\/image\/"}}]}},"_links":{"self":[{"href":"https:\/\/sgcsped.it\/es\/wp-json\/wp\/v2\/pages\/532","targetHints":{"allow":["GET"]}}],"collection":[{"href":"https:\/\/sgcsped.it\/es\/wp-json\/wp\/v2\/pages"}],"about":[{"href":"https:\/\/sgcsped.it\/es\/wp-json\/wp\/v2\/types\/page"}],"author":[{"embeddable":true,"href":"https:\/\/sgcsped.it\/es\/wp-json\/wp\/v2\/users\/1"}],"replies":[{"embeddable":true,"href":"https:\/\/sgcsped.it\/es\/wp-json\/wp\/v2\/comments?post=532"}],"version-history":[{"count":5,"href":"https:\/\/sgcsped.it\/es\/wp-json\/wp\/v2\/pages\/532\/revisions"}],"predecessor-version":[{"id":855,"href":"https:\/\/sgcsped.it\/es\/wp-json\/wp\/v2\/pages\/532\/revisions\/855"}],"wp:attachment":[{"href":"https:\/\/sgcsped.it\/es\/wp-json\/wp\/v2\/media?parent=532"}],"curies":[{"name":"wp","href":"https:\/\/api.w.org\/{rel}","templated":true}]}}