{"id":559,"date":"2020-07-27T16:55:27","date_gmt":"2020-07-27T14:55:27","guid":{"rendered":"https:\/\/sgcsped.it\/?page_id=559"},"modified":"2020-10-02T12:04:38","modified_gmt":"2020-10-02T10:04:38","slug":"agentes","status":"publish","type":"page","link":"https:\/\/sgcsped.it\/es\/agentes\/","title":{"rendered":"Agentes"},"content":{"rendered":"\n\n\n\n<div class=\"wp-block-coblocks-row coblocks-row-627143513525\" data-columns=\"1\" data-layout=\"100\"><div class=\"wp-block-coblocks-row__inner has-medium-gutter has-no-padding has-no-margin is-stacked-on-mobile\">\n<div class=\"wp-block-coblocks-column coblocks-column-627143514829 row1-agenti\" style=\"width:100%\"><div class=\"wp-block-coblocks-column__inner has-no-padding has-no-margin\">\n<h2 class=\"title-agenti wp-block-heading\"><strong>NUESTROS AGENTES<\/strong><\/h2>\n\n\n\n<p>Nuestros agentes en el mundo son cualificados y fiables, capaces de gestionar cualquier embarque y brindarle apoyo a los clientes locales.&nbsp;<\/p>\n\n\n\n<p>ALGERIA, ARGENTINA, AUSTRALIA, B\u00c9LGICA, BRASIL, CHINA, COSTA RICA, ALEMANIA, FILIPINAS, INDIA, MARRUECOS, M\u00c9XICO, NIGERIA, PANAM\u00c1, PARAGUAY, PER\u00da, REPUBLICA DOMINICANA, ESPA\u00d1A, ESTADOS UNIDOS, TAIW\u00c1N, TAILANDIA, T\u00daNEZ, URUGUAY, VIETNAM&nbsp;<\/p>\n<\/div><\/div>\n<\/div><\/div>\n\n\n<div id=\"pl-gb559-69e33fb3d20e2\"  class=\"panel-layout\" ><div id=\"pg-gb559-69e33fb3d20e2-0\"  class=\"panel-grid panel-no-style\" ><div id=\"pgc-gb559-69e33fb3d20e2-0-0\"  class=\"panel-grid-cell\" ><div id=\"panel-gb559-69e33fb3d20e2-0-0-0\" class=\"so-panel widget widget_sow-google-map panel-first-child panel-last-child\" data-index=\"0\" ><div\n\t\t\t\n\t\t\tclass=\"so-widget-sow-google-map so-widget-sow-google-map-default-7d3e1819b42c-559\"\n\t\t\t\n\t\t>\n<div class=\"sow-google-map-canvas\"\n\tstyle=\"\"\n\tid=\"map-canvas-3577252acb2cfdba0ca50d6521cefcb7\"\n\tdata-options=\"{&quot;address&quot;:&quot;44.68453, 10.85549&quot;,&quot;zoom&quot;:2,&quot;mobileZoom&quot;:2,&quot;gestureHandling&quot;:&quot;cooperative&quot;,&quot;disableUi&quot;:true,&quot;markerIcon&quot;:&quot;https:\\\/\\\/sgcsped.it\\\/wp-content\\\/uploads\\\/2020\\\/07\\\/marker.png&quot;,&quot;markersDraggable&quot;:false,&quot;markerAtCenter&quot;:true,&quot;markerInfoDisplay&quot;:&quot;click&quot;,&quot;markerInfoMultiple&quot;:true,&quot;markerPositions&quot;:[{&quot;place&quot;:&quot;-38.416097, -63.61667199999999&quot;,&quot;info&quot;:&quot;&quot;,&quot;infoSelectedEditor&quot;:&quot;tinymce&quot;,&quot;infoMaxWidth&quot;:&quot;&quot;,&quot;customMarkerIcon&quot;:0,&quot;customMarkerIconSize&quot;:&quot;&quot;},{&quot;place&quot;:&quot;-25.274398, 133.775136&quot;,&quot;info&quot;:&quot;&quot;,&quot;infoSelectedEditor&quot;:&quot;tinymce&quot;,&quot;infoMaxWidth&quot;:&quot;&quot;,&quot;customMarkerIcon&quot;:0,&quot;customMarkerIconSize&quot;:&quot;&quot;},{&quot;place&quot;:&quot;50.503887, 4.469936&quot;,&quot;info&quot;:&quot;&quot;,&quot;infoSelectedEditor&quot;:&quot;tinymce&quot;,&quot;infoMaxWidth&quot;:&quot;&quot;,&quot;customMarkerIcon&quot;:0,&quot;customMarkerIconSize&quot;:&quot;&quot;},{&quot;place&quot;:&quot;-14.235004, -51.92528&quot;,&quot;info&quot;:&quot;&quot;,&quot;infoSelectedEditor&quot;:&quot;tinymce&quot;,&quot;infoMaxWidth&quot;:&quot;&quot;,&quot;customMarkerIcon&quot;:0,&quot;customMarkerIconSize&quot;:&quot;&quot;},{&quot;place&quot;:&quot;35.86166000000001, 104.195397&quot;,&quot;info&quot;:&quot;&quot;,&quot;infoSelectedEditor&quot;:&quot;tinymce&quot;,&quot;infoMaxWidth&quot;:&quot;&quot;,&quot;customMarkerIcon&quot;:0,&quot;customMarkerIconSize&quot;:&quot;&quot;},{&quot;place&quot;:&quot;9.748916999999999, -83.753428&quot;,&quot;info&quot;:&quot;&quot;,&quot;infoSelectedEditor&quot;:&quot;tinymce&quot;,&quot;infoMaxWidth&quot;:&quot;&quot;,&quot;customMarkerIcon&quot;:0,&quot;customMarkerIconSize&quot;:&quot;&quot;},{&quot;place&quot;:&quot;51.165691, 10.451526&quot;,&quot;info&quot;:&quot;&quot;,&quot;infoSelectedEditor&quot;:&quot;tinymce&quot;,&quot;infoMaxWidth&quot;:&quot;&quot;,&quot;customMarkerIcon&quot;:0,&quot;customMarkerIconSize&quot;:&quot;&quot;},{&quot;place&quot;:&quot;20.593684, 78.96288&quot;,&quot;info&quot;:&quot;&quot;,&quot;infoSelectedEditor&quot;:&quot;tinymce&quot;,&quot;infoMaxWidth&quot;:&quot;&quot;,&quot;customMarkerIcon&quot;:0,&quot;customMarkerIconSize&quot;:&quot;&quot;},{&quot;place&quot;:&quot;31.791702, -7.092619999999998&quot;,&quot;info&quot;:&quot;&quot;,&quot;infoSelectedEditor&quot;:&quot;tinymce&quot;,&quot;infoMaxWidth&quot;:&quot;&quot;,&quot;customMarkerIcon&quot;:0,&quot;customMarkerIconSize&quot;:&quot;&quot;},{&quot;place&quot;:&quot;23.634501, -102.552784&quot;,&quot;info&quot;:&quot;&quot;,&quot;infoSelectedEditor&quot;:&quot;tinymce&quot;,&quot;infoMaxWidth&quot;:&quot;&quot;,&quot;customMarkerIcon&quot;:0,&quot;customMarkerIconSize&quot;:&quot;&quot;},{&quot;place&quot;:&quot;8.537981, -80.782127&quot;,&quot;info&quot;:&quot;&quot;,&quot;infoSelectedEditor&quot;:&quot;tinymce&quot;,&quot;infoMaxWidth&quot;:&quot;&quot;,&quot;customMarkerIcon&quot;:0,&quot;customMarkerIconSize&quot;:&quot;&quot;},{&quot;place&quot;:&quot;-23.442503, -58.443832&quot;,&quot;info&quot;:&quot;&quot;,&quot;infoSelectedEditor&quot;:&quot;tinymce&quot;,&quot;infoMaxWidth&quot;:&quot;&quot;,&quot;customMarkerIcon&quot;:0,&quot;customMarkerIconSize&quot;:&quot;&quot;},{&quot;place&quot;:&quot;-9.189966999999998, -75.015152&quot;,&quot;info&quot;:&quot;&quot;,&quot;infoSelectedEditor&quot;:&quot;tinymce&quot;,&quot;infoMaxWidth&quot;:&quot;&quot;,&quot;customMarkerIcon&quot;:0,&quot;customMarkerIconSize&quot;:&quot;&quot;},{&quot;place&quot;:&quot;18.735693, -70.162651&quot;,&quot;info&quot;:&quot;&quot;,&quot;infoSelectedEditor&quot;:&quot;tinymce&quot;,&quot;infoMaxWidth&quot;:&quot;&quot;,&quot;customMarkerIcon&quot;:0,&quot;customMarkerIconSize&quot;:&quot;&quot;},{&quot;place&quot;:&quot;40.46366700000001, -3.74922&quot;,&quot;info&quot;:&quot;&quot;,&quot;infoSelectedEditor&quot;:&quot;tinymce&quot;,&quot;infoMaxWidth&quot;:&quot;&quot;,&quot;customMarkerIcon&quot;:0,&quot;customMarkerIconSize&quot;:&quot;&quot;},{&quot;place&quot;:&quot;37.09024, -95.712891&quot;,&quot;info&quot;:&quot;&quot;,&quot;infoSelectedEditor&quot;:&quot;tinymce&quot;,&quot;infoMaxWidth&quot;:&quot;&quot;,&quot;customMarkerIcon&quot;:0,&quot;customMarkerIconSize&quot;:&quot;&quot;},{&quot;place&quot;:&quot;23.69781, 120.960515&quot;,&quot;info&quot;:&quot;&quot;,&quot;infoSelectedEditor&quot;:&quot;tinymce&quot;,&quot;infoMaxWidth&quot;:&quot;&quot;,&quot;customMarkerIcon&quot;:0,&quot;customMarkerIconSize&quot;:&quot;&quot;},{&quot;place&quot;:&quot;15.870032, 100.992541&quot;,&quot;info&quot;:&quot;&quot;,&quot;infoSelectedEditor&quot;:&quot;tinymce&quot;,&quot;infoMaxWidth&quot;:&quot;&quot;,&quot;customMarkerIcon&quot;:0,&quot;customMarkerIconSize&quot;:&quot;&quot;},{&quot;place&quot;:&quot;33.886917, 9.537499&quot;,&quot;info&quot;:&quot;&quot;,&quot;infoSelectedEditor&quot;:&quot;tinymce&quot;,&quot;infoMaxWidth&quot;:&quot;&quot;,&quot;customMarkerIcon&quot;:0,&quot;customMarkerIconSize&quot;:&quot;&quot;},{&quot;place&quot;:&quot;-32.522779, -55.765835&quot;,&quot;info&quot;:&quot;&quot;,&quot;infoSelectedEditor&quot;:&quot;tinymce&quot;,&quot;infoMaxWidth&quot;:&quot;&quot;,&quot;customMarkerIcon&quot;:0,&quot;customMarkerIconSize&quot;:&quot;&quot;},{&quot;place&quot;:&quot;14.058324, 108.277199&quot;,&quot;info&quot;:&quot;&quot;,&quot;infoSelectedEditor&quot;:&quot;tinymce&quot;,&quot;infoMaxWidth&quot;:&quot;&quot;,&quot;customMarkerIcon&quot;:0,&quot;customMarkerIconSize&quot;:&quot;&quot;},{&quot;place&quot;:&quot;9.081999000000001, 8.675277&quot;,&quot;info&quot;:&quot;&quot;,&quot;infoSelectedEditor&quot;:&quot;tinymce&quot;,&quot;infoMaxWidth&quot;:&quot;&quot;,&quot;customMarkerIcon&quot;:0,&quot;customMarkerIconSize&quot;:&quot;&quot;},{&quot;place&quot;:&quot;28.033886, 1.659626&quot;,&quot;info&quot;:&quot;&quot;,&quot;infoSelectedEditor&quot;:&quot;tinymce&quot;,&quot;infoMaxWidth&quot;:&quot;&quot;,&quot;customMarkerIcon&quot;:0,&quot;customMarkerIconSize&quot;:&quot;&quot;},{&quot;place&quot;:&quot;12.879721, 121.774017&quot;,&quot;info&quot;:&quot;&quot;,&quot;infoSelectedEditor&quot;:&quot;tinymce&quot;,&quot;infoMaxWidth&quot;:&quot;&quot;,&quot;customMarkerIcon&quot;:0,&quot;customMarkerIconSize&quot;:&quot;&quot;}],&quot;mapName&quot;:&quot;Mapa personalizado&quot;,&quot;mapStyles&quot;:[{&quot;featureType&quot;:&quot;all&quot;,&quot;elementType&quot;:&quot;geometry&quot;,&quot;stylers&quot;:[{&quot;color&quot;:&quot;#222f68&quot;}]},{&quot;featureType&quot;:&quot;all&quot;,&quot;elementType&quot;:&quot;labels.text.fill&quot;,&quot;stylers&quot;:[{&quot;gamma&quot;:0.01},{&quot;lightness&quot;:20}]},{&quot;featureType&quot;:&quot;all&quot;,&quot;elementType&quot;:&quot;labels.text.stroke&quot;,&quot;stylers&quot;:[{&quot;saturation&quot;:-31},{&quot;lightness&quot;:-33},{&quot;weight&quot;:2},{&quot;gamma&quot;:0.8}]},{&quot;featureType&quot;:&quot;all&quot;,&quot;elementType&quot;:&quot;labels.icon&quot;,&quot;stylers&quot;:[{&quot;visibility&quot;:&quot;off&quot;}]},{&quot;featureType&quot;:&quot;administrative&quot;,&quot;elementType&quot;:&quot;labels.text&quot;,&quot;stylers&quot;:[{&quot;color&quot;:&quot;#ffffff&quot;},{&quot;weight&quot;:&quot;0.01&quot;}]},{&quot;featureType&quot;:&quot;administrative&quot;,&quot;elementType&quot;:&quot;labels.text.fill&quot;,&quot;stylers&quot;:[{&quot;color&quot;:&quot;#f7ec06&quot;}]},{&quot;featureType&quot;:&quot;administrative.country&quot;,&quot;elementType&quot;:&quot;geometry&quot;,&quot;stylers&quot;:[{&quot;color&quot;:&quot;#f7ec06&quot;}]},{&quot;featureType&quot;:&quot;administrative.province&quot;,&quot;elementType&quot;:&quot;geometry&quot;,&quot;stylers&quot;:[{&quot;color&quot;:&quot;#f7ec06&quot;}]},{&quot;featureType&quot;:&quot;administrative.province&quot;,&quot;elementType&quot;:&quot;geometry.fill&quot;,&quot;stylers&quot;:[{&quot;color&quot;:&quot;#f7ec06&quot;}]},{&quot;featureType&quot;:&quot;landscape&quot;,&quot;elementType&quot;:&quot;geometry&quot;,&quot;stylers&quot;:[{&quot;lightness&quot;:30},{&quot;saturation&quot;:30},{&quot;color&quot;:&quot;#222f68&quot;}]},{&quot;featureType&quot;:&quot;landscape&quot;,&quot;elementType&quot;:&quot;geometry.fill&quot;,&quot;stylers&quot;:[{&quot;color&quot;:&quot;#222f68&quot;}]},{&quot;featureType&quot;:&quot;landscape&quot;,&quot;elementType&quot;:&quot;labels.text&quot;,&quot;stylers&quot;:[{&quot;color&quot;:&quot;#c42222&quot;},{&quot;weight&quot;:&quot;0.01&quot;}]},{&quot;featureType&quot;:&quot;landscape&quot;,&quot;elementType&quot;:&quot;labels.text.fill&quot;,&quot;stylers&quot;:[{&quot;color&quot;:&quot;#f7ec06&quot;}]},{&quot;featureType&quot;:&quot;landscape.man_made&quot;,&quot;elementType&quot;:&quot;geometry.fill&quot;,&quot;stylers&quot;:[{&quot;color&quot;:&quot;#222f68&quot;}]},{&quot;featureType&quot;:&quot;landscape.natural&quot;,&quot;elementType&quot;:&quot;geometry.fill&quot;,&quot;stylers&quot;:[{&quot;color&quot;:&quot;#222f68&quot;}]},{&quot;featureType&quot;:&quot;landscape.natural.landcover&quot;,&quot;elementType&quot;:&quot;geometry.fill&quot;,&quot;stylers&quot;:[{&quot;color&quot;:&quot;#222f68&quot;}]},{&quot;featureType&quot;:&quot;landscape.natural.terrain&quot;,&quot;elementType&quot;:&quot;geometry.fill&quot;,&quot;stylers&quot;:[{&quot;color&quot;:&quot;#222f68&quot;}]},{&quot;featureType&quot;:&quot;poi&quot;,&quot;elementType&quot;:&quot;geometry&quot;,&quot;stylers&quot;:[{&quot;saturation&quot;:20},{&quot;color&quot;:&quot;#f7ec06&quot;}]},{&quot;featureType&quot;:&quot;poi.park&quot;,&quot;elementType&quot;:&quot;geometry&quot;,&quot;stylers&quot;:[{&quot;lightness&quot;:20},{&quot;saturation&quot;:-20},{&quot;color&quot;:&quot;#f7ec06&quot;}]},{&quot;featureType&quot;:&quot;road&quot;,&quot;elementType&quot;:&quot;geometry&quot;,&quot;stylers&quot;:[{&quot;lightness&quot;:10},{&quot;saturation&quot;:-30}]},{&quot;featureType&quot;:&quot;road&quot;,&quot;elementType&quot;:&quot;geometry.stroke&quot;,&quot;stylers&quot;:[{&quot;saturation&quot;:25},{&quot;lightness&quot;:25}]},{&quot;featureType&quot;:&quot;water&quot;,&quot;elementType&quot;:&quot;all&quot;,&quot;stylers&quot;:[{&quot;lightness&quot;:-20},{&quot;color&quot;:&quot;#41518c&quot;}]}],&quot;directions&quot;:&quot;&quot;,&quot;apiKey&quot;:&quot;AIzaSyBI7bQj6xyVuo58TbFoZOdghe9ixyodRoI&quot;,&quot;breakpoint&quot;:768,&quot;center_user_location&quot;:false}\"\n\tdata-fallback-image=\"{&quot;img&quot;:&quot;&quot;}\"><\/div>\n<\/div><\/div><\/div><\/div><\/div>\n\n\n<div class=\"wp-block-coblocks-row coblocks-row-6817239888 row-contatti-agenti\" data-columns=\"1\" data-layout=\"100\"><div class=\"wp-block-coblocks-row__inner has-medium-gutter has-no-padding has-no-margin is-stacked-on-mobile\">\n<div class=\"wp-block-coblocks-column coblocks-column-6817240889\" style=\"width:100%\"><div class=\"wp-block-coblocks-column__inner has-no-padding has-no-margin\">\n<h2 class=\"title-agenti wp-block-heading\">Contacte con nosotros<\/h2>\n\n\n\n<div class=\"wp-block-group\"><div class=\"wp-block-group__inner-container is-layout-flow wp-block-group-is-layout-flow\">\n<div class=\"wp-block-coblocks-row coblocks-row-623151855842 row-form-agenti\" data-columns=\"1\" data-layout=\"100\"><div class=\"wp-block-coblocks-row__inner has-medium-gutter has-no-padding has-no-margin is-stacked-on-mobile\">\n<div class=\"wp-block-coblocks-column coblocks-column-62315185766\" style=\"width:100%\"><div class=\"wp-block-coblocks-column__inner has-no-padding has-no-margin\">\n<h2 class=\"title-agenti wp-block-heading\">Contacte con nosotros<\/h2>\n\n\n\n<h4 class=\"subtitle-agenti wp-block-heading\">Solicita informaciones<\/h4>\n\n\n\n<div class=\"wpcf7 no-js\" id=\"wpcf7-f851-o1\" lang=\"it-IT\" dir=\"ltr\" data-wpcf7-id=\"851\">\n<div class=\"screen-reader-response\"><p role=\"status\" aria-live=\"polite\" aria-atomic=\"true\"><\/p> <ul><\/ul><\/div>\n<form action=\"\/es\/wp-json\/wp\/v2\/pages\/559#wpcf7-f851-o1\" method=\"post\" class=\"wpcf7-form init\" aria-label=\"Modulo di contatto\" novalidate=\"novalidate\" data-status=\"init\">\n<div style=\"display: none;\">\n<input type=\"hidden\" name=\"_wpcf7\" value=\"851\" \/>\n<input type=\"hidden\" name=\"_wpcf7_version\" value=\"6.0.6\" \/>\n<input type=\"hidden\" name=\"_wpcf7_locale\" value=\"it_IT\" \/>\n<input type=\"hidden\" name=\"_wpcf7_unit_tag\" value=\"wpcf7-f851-o1\" \/>\n<input type=\"hidden\" name=\"_wpcf7_container_post\" value=\"0\" \/>\n<input type=\"hidden\" name=\"_wpcf7_posted_data_hash\" value=\"\" \/>\n<input type=\"hidden\" name=\"_wpcf7dtx_version\" value=\"5.0.3\" \/>\n<\/div>\n<div class=\"cf7-div\">\n\t<div class=\"row\">\n\t\t<div class=\"column small-100 medium-50 large-50\">\n\t\t\t<p class=\"cf7-p\">Nombre*\n\t\t\t<\/p>\n\t\t\t<p><span class=\"wpcf7-form-control-wrap\" data-name=\"nome\"><input size=\"40\" maxlength=\"400\" class=\"wpcf7-form-control wpcf7-text wpcf7-validates-as-required\" aria-required=\"true\" aria-invalid=\"false\" value=\"\" type=\"text\" name=\"nome\" \/><\/span>\n\t\t\t<\/p>\n\t\t<\/div>\n\t\t<div class=\"column small-100 medium-50 large-50\">\n\t\t\t<p class=\"cf7-p\">Tel\u00e9fono\n\t\t\t<\/p>\n\t\t\t<p><span class=\"wpcf7-form-control-wrap\" data-name=\"tel\"><input size=\"40\" maxlength=\"400\" class=\"wpcf7-form-control wpcf7-tel wpcf7-text wpcf7-validates-as-tel\" aria-invalid=\"false\" value=\"\" type=\"tel\" name=\"tel\" \/><\/span>\n\t\t\t<\/p>\n\t\t<\/div>\n\t<\/div>\n\t<p class=\"cf7-p\">Correo electronico*\n\t<\/p>\n\t<p><span class=\"wpcf7-form-control-wrap\" data-name=\"email\"><input size=\"40\" maxlength=\"400\" class=\"wpcf7-form-control wpcf7-email wpcf7-validates-as-required wpcf7-text wpcf7-validates-as-email\" aria-required=\"true\" aria-invalid=\"false\" value=\"\" type=\"email\" name=\"email\" \/><\/span>\n\t<\/p>\n\t<p class=\"cf7-p\">Objecto\n\t<\/p>\n\t<p><span class=\"wpcf7-form-control-wrap\" data-name=\"oggetto\"><input size=\"40\" maxlength=\"400\" class=\"wpcf7-form-control wpcf7-text\" aria-invalid=\"false\" value=\"\" type=\"text\" name=\"oggetto\" \/><\/span>\n\t<\/p>\n\t<p class=\"cf7-p\">Dejenos su mensaje o comentario\n\t<\/p>\n\t<p><span class=\"wpcf7-form-control-wrap\" data-name=\"messaggio\"><textarea cols=\"40\" rows=\"10\" maxlength=\"2000\" class=\"wpcf7-form-control wpcf7-textarea\" aria-invalid=\"false\" name=\"messaggio\"><\/textarea><\/span>\n\t<\/p>\n\t<p><span class=\"wpcf7-form-control-wrap\" data-name=\"acceptance-105\"><span class=\"wpcf7-form-control wpcf7-acceptance\"><span class=\"wpcf7-list-item\"><label><input type=\"checkbox\" name=\"acceptance-105\" value=\"1\" aria-invalid=\"false\" \/><span class=\"wpcf7-list-item-label\">De conformidad con y para los fines del art.13 GDPR 679\/16, al firmar este formulario, doy mi consentimiento para el procesamiento de los datos personales proporcionados despu\u00e9s del env\u00edo. Para m\u00e1s informaci\u00f3n lea el <a href=\"https:\/\/www.privacylab.it\/informativa.php?23841492081&lang=en\" target=\"_blank\">Privacy-Policy<\/a>.<\/span><\/label><\/span><\/span><\/span>\n\t<\/p>\n\t<p><input class=\"wpcf7-form-control wpcf7-submit has-spinner button\" type=\"submit\" value=\"Enviar\" \/>\n\t<\/p>\n<\/div><div class=\"wpcf7-response-output\" aria-hidden=\"true\"><\/div>\n<\/form>\n<\/div>\n\n<\/div><\/div>\n<\/div><\/div>\n<\/div><\/div>\n<\/div><\/div>\n<\/div><\/div>\n","protected":false},"excerpt":{"rendered":"","protected":false},"author":1,"featured_media":0,"parent":0,"menu_order":0,"comment_status":"closed","ping_status":"closed","template":"","meta":{"_acf_changed":false,"_coblocks_attr":"","_coblocks_dimensions":"","_coblocks_responsive_height":"","_coblocks_accordion_ie_support":"","footnotes":""},"class_list":["post-559","page","type-page","status-publish","hentry"],"acf":[],"yoast_head":"<!-- This site is optimized with the Yoast SEO plugin v24.9 - https:\/\/yoast.com\/wordpress\/plugins\/seo\/ -->\n<title>Agentes - SGC sped<\/title>\n<meta name=\"robots\" content=\"index, follow, max-snippet:-1, max-image-preview:large, max-video-preview:-1\" \/>\n<link rel=\"canonical\" href=\"https:\/\/sgcsped.it\/es\/agentes\/\" \/>\n<meta property=\"og:locale\" content=\"es_ES\" \/>\n<meta property=\"og:type\" content=\"article\" \/>\n<meta property=\"og:title\" content=\"Agentes - SGC sped\" \/>\n<meta property=\"og:url\" content=\"https:\/\/sgcsped.it\/es\/agentes\/\" \/>\n<meta property=\"og:site_name\" content=\"SGC sped\" \/>\n<meta property=\"article:modified_time\" content=\"2020-10-02T10:04:38+00:00\" \/>\n<meta name=\"twitter:card\" content=\"summary_large_image\" \/>\n<script type=\"application\/ld+json\" class=\"yoast-schema-graph\">{\"@context\":\"https:\/\/schema.org\",\"@graph\":[{\"@type\":\"WebPage\",\"@id\":\"https:\/\/sgcsped.it\/es\/agentes\/\",\"url\":\"https:\/\/sgcsped.it\/es\/agentes\/\",\"name\":\"Agentes - SGC sped\",\"isPartOf\":{\"@id\":\"https:\/\/sgcsped.it\/#website\"},\"datePublished\":\"2020-07-27T14:55:27+00:00\",\"dateModified\":\"2020-10-02T10:04:38+00:00\",\"inLanguage\":\"es\",\"potentialAction\":[{\"@type\":\"ReadAction\",\"target\":[\"https:\/\/sgcsped.it\/es\/agentes\/\"]}]},{\"@type\":\"WebSite\",\"@id\":\"https:\/\/sgcsped.it\/#website\",\"url\":\"https:\/\/sgcsped.it\/\",\"name\":\"SGC sped\",\"description\":\"Un nuovo sito targato WordPress\",\"publisher\":{\"@id\":\"https:\/\/sgcsped.it\/#organization\"},\"potentialAction\":[{\"@type\":\"SearchAction\",\"target\":{\"@type\":\"EntryPoint\",\"urlTemplate\":\"https:\/\/sgcsped.it\/?s={search_term_string}\"},\"query-input\":{\"@type\":\"PropertyValueSpecification\",\"valueRequired\":true,\"valueName\":\"search_term_string\"}}],\"inLanguage\":\"es\"},{\"@type\":\"Organization\",\"@id\":\"https:\/\/sgcsped.it\/#organization\",\"name\":\"SGC sped\",\"url\":\"https:\/\/sgcsped.it\/\",\"logo\":{\"@type\":\"ImageObject\",\"inLanguage\":\"es\",\"@id\":\"https:\/\/sgcsped.it\/#\/schema\/logo\/image\/\",\"url\":\"https:\/\/sgcsped.it\/wp-content\/uploads\/2020\/06\/cropped-logo-sgc-1500-sito.png\",\"contentUrl\":\"https:\/\/sgcsped.it\/wp-content\/uploads\/2020\/06\/cropped-logo-sgc-1500-sito.png\",\"width\":1500,\"height\":738,\"caption\":\"SGC sped\"},\"image\":{\"@id\":\"https:\/\/sgcsped.it\/#\/schema\/logo\/image\/\"}}]}<\/script>\n<!-- \/ Yoast SEO plugin. -->","yoast_head_json":{"title":"Agentes - SGC sped","robots":{"index":"index","follow":"follow","max-snippet":"max-snippet:-1","max-image-preview":"max-image-preview:large","max-video-preview":"max-video-preview:-1"},"canonical":"https:\/\/sgcsped.it\/es\/agentes\/","og_locale":"es_ES","og_type":"article","og_title":"Agentes - SGC sped","og_url":"https:\/\/sgcsped.it\/es\/agentes\/","og_site_name":"SGC sped","article_modified_time":"2020-10-02T10:04:38+00:00","twitter_card":"summary_large_image","schema":{"@context":"https:\/\/schema.org","@graph":[{"@type":"WebPage","@id":"https:\/\/sgcsped.it\/es\/agentes\/","url":"https:\/\/sgcsped.it\/es\/agentes\/","name":"Agentes - SGC sped","isPartOf":{"@id":"https:\/\/sgcsped.it\/#website"},"datePublished":"2020-07-27T14:55:27+00:00","dateModified":"2020-10-02T10:04:38+00:00","inLanguage":"es","potentialAction":[{"@type":"ReadAction","target":["https:\/\/sgcsped.it\/es\/agentes\/"]}]},{"@type":"WebSite","@id":"https:\/\/sgcsped.it\/#website","url":"https:\/\/sgcsped.it\/","name":"SGC sped","description":"Un nuovo sito targato WordPress","publisher":{"@id":"https:\/\/sgcsped.it\/#organization"},"potentialAction":[{"@type":"SearchAction","target":{"@type":"EntryPoint","urlTemplate":"https:\/\/sgcsped.it\/?s={search_term_string}"},"query-input":{"@type":"PropertyValueSpecification","valueRequired":true,"valueName":"search_term_string"}}],"inLanguage":"es"},{"@type":"Organization","@id":"https:\/\/sgcsped.it\/#organization","name":"SGC sped","url":"https:\/\/sgcsped.it\/","logo":{"@type":"ImageObject","inLanguage":"es","@id":"https:\/\/sgcsped.it\/#\/schema\/logo\/image\/","url":"https:\/\/sgcsped.it\/wp-content\/uploads\/2020\/06\/cropped-logo-sgc-1500-sito.png","contentUrl":"https:\/\/sgcsped.it\/wp-content\/uploads\/2020\/06\/cropped-logo-sgc-1500-sito.png","width":1500,"height":738,"caption":"SGC sped"},"image":{"@id":"https:\/\/sgcsped.it\/#\/schema\/logo\/image\/"}}]}},"_links":{"self":[{"href":"https:\/\/sgcsped.it\/es\/wp-json\/wp\/v2\/pages\/559","targetHints":{"allow":["GET"]}}],"collection":[{"href":"https:\/\/sgcsped.it\/es\/wp-json\/wp\/v2\/pages"}],"about":[{"href":"https:\/\/sgcsped.it\/es\/wp-json\/wp\/v2\/types\/page"}],"author":[{"embeddable":true,"href":"https:\/\/sgcsped.it\/es\/wp-json\/wp\/v2\/users\/1"}],"replies":[{"embeddable":true,"href":"https:\/\/sgcsped.it\/es\/wp-json\/wp\/v2\/comments?post=559"}],"version-history":[{"count":9,"href":"https:\/\/sgcsped.it\/es\/wp-json\/wp\/v2\/pages\/559\/revisions"}],"predecessor-version":[{"id":856,"href":"https:\/\/sgcsped.it\/es\/wp-json\/wp\/v2\/pages\/559\/revisions\/856"}],"wp:attachment":[{"href":"https:\/\/sgcsped.it\/es\/wp-json\/wp\/v2\/media?parent=559"}],"curies":[{"name":"wp","href":"https:\/\/api.w.org\/{rel}","templated":true}]}}