{"id":570,"date":"2020-07-27T17:05:07","date_gmt":"2020-07-27T15:05:07","guid":{"rendered":"https:\/\/sgcsped.it\/?page_id=570"},"modified":"2020-10-02T12:05:02","modified_gmt":"2020-10-02T10:05:02","slug":"contacto","status":"publish","type":"page","link":"https:\/\/sgcsped.it\/es\/contacto\/","title":{"rendered":"Contacto"},"content":{"rendered":"\n\n\n\n<h2 class=\"has-text-align-left title-contatti wp-block-heading\">D\u00f2nde encontrarnos<\/h2>\n\n\n\n<div style=\"min-height:500px\" data-map-attr=\"\/qaddress\/q:\/qVia Europa, 30, 41011 Campogalliano MO\/q||\/qlat\/q:\/q44.68453\/q||\/qlng\/q:\/q10.85549\/q||\/qskin\/q:\/qstandard\/q||\/qzoom\/q:\/q16\/q||\/qiconSize\/q:\/q36\/q||\/qmapTypeControl\/q:\/qtrue\/q||\/qzoomControl\/q:\/qtrue\/q||\/qstreetViewControl\/q:\/qtrue\/q||\/qfullscreenControl\/q:\/qtrue\/q\" class=\"wp-block-coblocks-map contatti-map\"><\/div>\n\n\n\n<h2 class=\"title-contatti wp-block-heading\">No dude en llamarnos o escribirnos para cotizaciones o cualquier otra consulta.&nbsp;<\/h2>\n\n\n\n<div class=\"wp-block-coblocks-row coblocks-row-627163159701\" data-columns=\"1\" data-layout=\"100\"><div class=\"wp-block-coblocks-row__inner has-medium-gutter has-no-padding has-no-margin is-stacked-on-mobile\">\n<div class=\"wp-block-coblocks-column coblocks-column-627163214597\" style=\"width:100%\"><div class=\"wp-block-coblocks-column__inner has-no-padding has-no-margin\">\n<div class=\"wp-block-coblocks-row coblocks-row-627163218813 contatti-row2\" data-columns=\"3\" data-layout=\"50-25-25\"><div class=\"wp-block-coblocks-row__inner has-medium-gutter has-no-padding has-no-margin is-stacked-on-mobile\">\n<div class=\"wp-block-coblocks-column coblocks-column-62716322140 contatti-col1\" style=\"width:33.00%\"><div class=\"wp-block-coblocks-column__inner has-no-padding has-no-margin\">\n<h2 class=\"title-agenti wp-block-heading\"><strong>IMPORT<\/strong><br><strong>Andrea Ascari &nbsp;<\/strong><\/h2>\n\n\n\n<p class=\"has-text-align-center\">Mobile: <a href=\"tel:+393486481156\">+39 348 64 81 156<\/a><br>     Email: <a href=\"mailto:a.ascari@sgcsped.it\">a.ascari@sgcsped.it<\/a>    <\/p>\n<\/div><\/div>\n\n\n\n<div class=\"wp-block-coblocks-column coblocks-column-62716322167 contatti-col2\" style=\"width:34.00%\"><div class=\"wp-block-coblocks-column__inner has-no-padding has-no-margin\">\n<h2 class=\"title-agenti wp-block-heading\"><strong><strong>EXPORT<\/strong><\/strong><br><strong><strong>Giordano Ascari<\/strong><\/strong><\/h2>\n\n\n\n<p class=\"has-text-align-center\">Mobile: <a href=\"tel:+393356680919\">+39 335 66 80 919<\/a><br>     Email: <a href=\"mailto:g.ascari@sgcsped.it\">g.ascari@sgcsped.it<\/a><\/p>\n<\/div><\/div>\n\n\n\n<div class=\"wp-block-coblocks-column coblocks-column-62716322176 contatti-col3\" style=\"width:33.00%\"><div class=\"wp-block-coblocks-column__inner has-no-padding has-no-margin\">\n<h2 class=\"title-agenti wp-block-heading\"><strong><strong>CUSTOMER SERVIC<\/strong><\/strong>E<br><strong><strong>Sara Maroni<\/strong><\/strong><\/h2>\n\n\n\n<p class=\"has-text-align-center\">Mobile: <a href=\"tel:+393355442688\">+39 335 54 42 688<\/a><br>     Email: <a href=\"mailto:operativo@sgcsped.it\">operativo@sgcsped.it<\/a><\/p>\n<\/div><\/div>\n<\/div><\/div>\n\n\n\n<h3 class=\"subtitle-contatti wp-block-heading\">BRANCH OFFICE<\/h3>\n\n\n\n<div class=\"wp-block-coblocks-row coblocks-row-62716338545 contatti-row3\" data-columns=\"2\" data-layout=\"50-50\"><div class=\"wp-block-coblocks-row__inner has-medium-gutter has-no-padding has-no-margin is-stacked-on-mobile\">\n<div class=\"wp-block-coblocks-column coblocks-column-62716339546 contatti-col4\" style=\"width:50%\"><div class=\"wp-block-coblocks-column__inner has-no-padding has-no-margin\">\n<p><strong>S.G.C. SPEDIZIONI SRL<\/strong><br><strong>VIALE EUROPA, 30<\/strong><br><strong>41011 CAMPOGALLIANO (MO)<\/strong><br><strong>ITALY<\/strong><\/p>\n<\/div><\/div>\n\n\n\n<div class=\"wp-block-coblocks-column coblocks-column-62716339566 contatti-col5\" style=\"width:50%\"><div class=\"wp-block-coblocks-column__inner has-no-padding has-no-margin\">\n<p><strong>P.IVA 00833540495<\/strong><\/p>\n\n\n\n<p><strong>TEL. +39 059 8303508<\/strong><br><strong>TEL. +39 059 527932<\/strong><br><strong>FAX +39 059 527450<\/strong><\/p>\n<\/div><\/div>\n<\/div><\/div>\n<\/div><\/div>\n<\/div><\/div>\n\n\n\n<div class=\"wp-block-coblocks-row coblocks-row-623151855842 row-form-contatti\" data-columns=\"1\" data-layout=\"100\"><div class=\"wp-block-coblocks-row__inner has-medium-gutter has-no-padding has-no-margin is-stacked-on-mobile\">\n<div class=\"wp-block-coblocks-column coblocks-column-62315185766\" style=\"width:100%\"><div class=\"wp-block-coblocks-column__inner has-no-padding has-no-margin\">\n<h2 class=\"title-contatti wp-block-heading\">Contacte con nosotros<\/h2>\n\n\n\n<h4 class=\"subtitle-contatti wp-block-heading\">Solicita informaciones<\/h4>\n\n\n\n<div class=\"wpcf7 no-js\" id=\"wpcf7-f851-o1\" lang=\"it-IT\" dir=\"ltr\" data-wpcf7-id=\"851\">\n<div class=\"screen-reader-response\"><p role=\"status\" aria-live=\"polite\" aria-atomic=\"true\"><\/p> <ul><\/ul><\/div>\n<form action=\"\/es\/wp-json\/wp\/v2\/pages\/570#wpcf7-f851-o1\" method=\"post\" class=\"wpcf7-form init\" aria-label=\"Modulo di contatto\" novalidate=\"novalidate\" data-status=\"init\">\n<div style=\"display: none;\">\n<input type=\"hidden\" name=\"_wpcf7\" value=\"851\" \/>\n<input type=\"hidden\" name=\"_wpcf7_version\" value=\"6.0.6\" \/>\n<input type=\"hidden\" name=\"_wpcf7_locale\" value=\"it_IT\" \/>\n<input type=\"hidden\" name=\"_wpcf7_unit_tag\" value=\"wpcf7-f851-o1\" \/>\n<input type=\"hidden\" name=\"_wpcf7_container_post\" value=\"0\" \/>\n<input type=\"hidden\" name=\"_wpcf7_posted_data_hash\" value=\"\" \/>\n<input type=\"hidden\" name=\"_wpcf7dtx_version\" value=\"5.0.3\" \/>\n<\/div>\n<div class=\"cf7-div\">\n\t<div class=\"row\">\n\t\t<div class=\"column small-100 medium-50 large-50\">\n\t\t\t<p class=\"cf7-p\">Nombre*\n\t\t\t<\/p>\n\t\t\t<p><span class=\"wpcf7-form-control-wrap\" data-name=\"nome\"><input size=\"40\" maxlength=\"400\" class=\"wpcf7-form-control wpcf7-text wpcf7-validates-as-required\" aria-required=\"true\" aria-invalid=\"false\" value=\"\" type=\"text\" name=\"nome\" \/><\/span>\n\t\t\t<\/p>\n\t\t<\/div>\n\t\t<div class=\"column small-100 medium-50 large-50\">\n\t\t\t<p class=\"cf7-p\">Tel\u00e9fono\n\t\t\t<\/p>\n\t\t\t<p><span class=\"wpcf7-form-control-wrap\" data-name=\"tel\"><input size=\"40\" maxlength=\"400\" class=\"wpcf7-form-control wpcf7-tel wpcf7-text wpcf7-validates-as-tel\" aria-invalid=\"false\" value=\"\" type=\"tel\" name=\"tel\" \/><\/span>\n\t\t\t<\/p>\n\t\t<\/div>\n\t<\/div>\n\t<p class=\"cf7-p\">Correo electronico*\n\t<\/p>\n\t<p><span class=\"wpcf7-form-control-wrap\" data-name=\"email\"><input size=\"40\" maxlength=\"400\" class=\"wpcf7-form-control wpcf7-email wpcf7-validates-as-required wpcf7-text wpcf7-validates-as-email\" aria-required=\"true\" aria-invalid=\"false\" value=\"\" type=\"email\" name=\"email\" \/><\/span>\n\t<\/p>\n\t<p class=\"cf7-p\">Objecto\n\t<\/p>\n\t<p><span class=\"wpcf7-form-control-wrap\" data-name=\"oggetto\"><input size=\"40\" maxlength=\"400\" class=\"wpcf7-form-control wpcf7-text\" aria-invalid=\"false\" value=\"\" type=\"text\" name=\"oggetto\" \/><\/span>\n\t<\/p>\n\t<p class=\"cf7-p\">Dejenos su mensaje o comentario\n\t<\/p>\n\t<p><span class=\"wpcf7-form-control-wrap\" data-name=\"messaggio\"><textarea cols=\"40\" rows=\"10\" maxlength=\"2000\" class=\"wpcf7-form-control wpcf7-textarea\" aria-invalid=\"false\" name=\"messaggio\"><\/textarea><\/span>\n\t<\/p>\n\t<p><span class=\"wpcf7-form-control-wrap\" data-name=\"acceptance-105\"><span class=\"wpcf7-form-control wpcf7-acceptance\"><span class=\"wpcf7-list-item\"><label><input type=\"checkbox\" name=\"acceptance-105\" value=\"1\" aria-invalid=\"false\" \/><span class=\"wpcf7-list-item-label\">De conformidad con y para los fines del art.13 GDPR 679\/16, al firmar este formulario, doy mi consentimiento para el procesamiento de los datos personales proporcionados despu\u00e9s del env\u00edo. Para m\u00e1s informaci\u00f3n lea el <a href=\"https:\/\/www.privacylab.it\/informativa.php?23841492081&lang=en\" target=\"_blank\">Privacy-Policy<\/a>.<\/span><\/label><\/span><\/span><\/span>\n\t<\/p>\n\t<p><input class=\"wpcf7-form-control wpcf7-submit has-spinner button\" type=\"submit\" value=\"Enviar\" \/>\n\t<\/p>\n<\/div><div class=\"wpcf7-response-output\" aria-hidden=\"true\"><\/div>\n<\/form>\n<\/div>\n\n<\/div><\/div>\n<\/div><\/div>\n","protected":false},"excerpt":{"rendered":"<p>D\u00f2nde encontrarnos No dude en llamarnos o escribirnos para cotizaciones o cualquier otra consulta.&nbsp;<\/p>\n","protected":false},"author":1,"featured_media":0,"parent":0,"menu_order":0,"comment_status":"closed","ping_status":"closed","template":"","meta":{"_acf_changed":false,"_coblocks_attr":"","_coblocks_dimensions":"","_coblocks_responsive_height":"","_coblocks_accordion_ie_support":"","footnotes":""},"class_list":["post-570","page","type-page","status-publish","hentry"],"acf":[],"yoast_head":"<!-- This site is optimized with the Yoast SEO plugin v24.9 - https:\/\/yoast.com\/wordpress\/plugins\/seo\/ -->\n<title>Contacto - SGC sped<\/title>\n<meta name=\"robots\" content=\"index, follow, max-snippet:-1, max-image-preview:large, max-video-preview:-1\" \/>\n<link rel=\"canonical\" href=\"https:\/\/sgcsped.it\/es\/contacto\/\" \/>\n<meta property=\"og:locale\" content=\"es_ES\" \/>\n<meta property=\"og:type\" content=\"article\" \/>\n<meta property=\"og:title\" content=\"Contacto - SGC sped\" \/>\n<meta property=\"og:description\" content=\"D\u00f2nde encontrarnos No dude en llamarnos o escribirnos para cotizaciones o cualquier otra consulta.&nbsp;\" \/>\n<meta property=\"og:url\" content=\"https:\/\/sgcsped.it\/es\/contacto\/\" \/>\n<meta property=\"og:site_name\" content=\"SGC sped\" \/>\n<meta property=\"article:modified_time\" content=\"2020-10-02T10:05:02+00:00\" \/>\n<meta name=\"twitter:card\" content=\"summary_large_image\" \/>\n<script type=\"application\/ld+json\" class=\"yoast-schema-graph\">{\"@context\":\"https:\/\/schema.org\",\"@graph\":[{\"@type\":\"WebPage\",\"@id\":\"https:\/\/sgcsped.it\/es\/contacto\/\",\"url\":\"https:\/\/sgcsped.it\/es\/contacto\/\",\"name\":\"Contacto - SGC sped\",\"isPartOf\":{\"@id\":\"https:\/\/sgcsped.it\/#website\"},\"datePublished\":\"2020-07-27T15:05:07+00:00\",\"dateModified\":\"2020-10-02T10:05:02+00:00\",\"inLanguage\":\"es\",\"potentialAction\":[{\"@type\":\"ReadAction\",\"target\":[\"https:\/\/sgcsped.it\/es\/contacto\/\"]}]},{\"@type\":\"WebSite\",\"@id\":\"https:\/\/sgcsped.it\/#website\",\"url\":\"https:\/\/sgcsped.it\/\",\"name\":\"SGC sped\",\"description\":\"Un nuovo sito targato WordPress\",\"publisher\":{\"@id\":\"https:\/\/sgcsped.it\/#organization\"},\"potentialAction\":[{\"@type\":\"SearchAction\",\"target\":{\"@type\":\"EntryPoint\",\"urlTemplate\":\"https:\/\/sgcsped.it\/?s={search_term_string}\"},\"query-input\":{\"@type\":\"PropertyValueSpecification\",\"valueRequired\":true,\"valueName\":\"search_term_string\"}}],\"inLanguage\":\"es\"},{\"@type\":\"Organization\",\"@id\":\"https:\/\/sgcsped.it\/#organization\",\"name\":\"SGC sped\",\"url\":\"https:\/\/sgcsped.it\/\",\"logo\":{\"@type\":\"ImageObject\",\"inLanguage\":\"es\",\"@id\":\"https:\/\/sgcsped.it\/#\/schema\/logo\/image\/\",\"url\":\"https:\/\/sgcsped.it\/wp-content\/uploads\/2020\/06\/cropped-logo-sgc-1500-sito.png\",\"contentUrl\":\"https:\/\/sgcsped.it\/wp-content\/uploads\/2020\/06\/cropped-logo-sgc-1500-sito.png\",\"width\":1500,\"height\":738,\"caption\":\"SGC sped\"},\"image\":{\"@id\":\"https:\/\/sgcsped.it\/#\/schema\/logo\/image\/\"}}]}<\/script>\n<!-- \/ Yoast SEO plugin. -->","yoast_head_json":{"title":"Contacto - SGC sped","robots":{"index":"index","follow":"follow","max-snippet":"max-snippet:-1","max-image-preview":"max-image-preview:large","max-video-preview":"max-video-preview:-1"},"canonical":"https:\/\/sgcsped.it\/es\/contacto\/","og_locale":"es_ES","og_type":"article","og_title":"Contacto - SGC sped","og_description":"D\u00f2nde encontrarnos No dude en llamarnos o escribirnos para cotizaciones o cualquier otra consulta.&nbsp;","og_url":"https:\/\/sgcsped.it\/es\/contacto\/","og_site_name":"SGC sped","article_modified_time":"2020-10-02T10:05:02+00:00","twitter_card":"summary_large_image","schema":{"@context":"https:\/\/schema.org","@graph":[{"@type":"WebPage","@id":"https:\/\/sgcsped.it\/es\/contacto\/","url":"https:\/\/sgcsped.it\/es\/contacto\/","name":"Contacto - SGC sped","isPartOf":{"@id":"https:\/\/sgcsped.it\/#website"},"datePublished":"2020-07-27T15:05:07+00:00","dateModified":"2020-10-02T10:05:02+00:00","inLanguage":"es","potentialAction":[{"@type":"ReadAction","target":["https:\/\/sgcsped.it\/es\/contacto\/"]}]},{"@type":"WebSite","@id":"https:\/\/sgcsped.it\/#website","url":"https:\/\/sgcsped.it\/","name":"SGC sped","description":"Un nuovo sito targato WordPress","publisher":{"@id":"https:\/\/sgcsped.it\/#organization"},"potentialAction":[{"@type":"SearchAction","target":{"@type":"EntryPoint","urlTemplate":"https:\/\/sgcsped.it\/?s={search_term_string}"},"query-input":{"@type":"PropertyValueSpecification","valueRequired":true,"valueName":"search_term_string"}}],"inLanguage":"es"},{"@type":"Organization","@id":"https:\/\/sgcsped.it\/#organization","name":"SGC sped","url":"https:\/\/sgcsped.it\/","logo":{"@type":"ImageObject","inLanguage":"es","@id":"https:\/\/sgcsped.it\/#\/schema\/logo\/image\/","url":"https:\/\/sgcsped.it\/wp-content\/uploads\/2020\/06\/cropped-logo-sgc-1500-sito.png","contentUrl":"https:\/\/sgcsped.it\/wp-content\/uploads\/2020\/06\/cropped-logo-sgc-1500-sito.png","width":1500,"height":738,"caption":"SGC sped"},"image":{"@id":"https:\/\/sgcsped.it\/#\/schema\/logo\/image\/"}}]}},"_links":{"self":[{"href":"https:\/\/sgcsped.it\/es\/wp-json\/wp\/v2\/pages\/570","targetHints":{"allow":["GET"]}}],"collection":[{"href":"https:\/\/sgcsped.it\/es\/wp-json\/wp\/v2\/pages"}],"about":[{"href":"https:\/\/sgcsped.it\/es\/wp-json\/wp\/v2\/types\/page"}],"author":[{"embeddable":true,"href":"https:\/\/sgcsped.it\/es\/wp-json\/wp\/v2\/users\/1"}],"replies":[{"embeddable":true,"href":"https:\/\/sgcsped.it\/es\/wp-json\/wp\/v2\/comments?post=570"}],"version-history":[{"count":7,"href":"https:\/\/sgcsped.it\/es\/wp-json\/wp\/v2\/pages\/570\/revisions"}],"predecessor-version":[{"id":857,"href":"https:\/\/sgcsped.it\/es\/wp-json\/wp\/v2\/pages\/570\/revisions\/857"}],"wp:attachment":[{"href":"https:\/\/sgcsped.it\/es\/wp-json\/wp\/v2\/media?parent=570"}],"curies":[{"name":"wp","href":"https:\/\/api.w.org\/{rel}","templated":true}]}}