{"id":763,"date":"2020-08-27T10:59:59","date_gmt":"2020-08-27T08:59:59","guid":{"rendered":"https:\/\/sgcsped.it\/?page_id=763"},"modified":"2020-10-26T15:48:35","modified_gmt":"2020-10-26T14:48:35","slug":"home","status":"publish","type":"page","link":"https:\/\/sgcsped.it\/es\/","title":{"rendered":"Home"},"content":{"rendered":"\n\n\n\n<div class=\"wp-block-coblocks-row coblocks-row-726164514433 home-row2\" data-columns=\"1\" data-layout=\"100\"><div class=\"home-row2 wp-block-coblocks-row__inner has-no-padding has-no-margin is-stacked-on-mobile has-medium-gutter\">\n<div class=\"wp-block-coblocks-column coblocks-column-72616451752\" style=\"width:100%\"><div class=\"wp-block-coblocks-column__inner has-no-padding has-no-margin\">\n<div class=\"wp-block-coblocks-row coblocks-row-68141857234\" data-columns=\"3\" data-layout=\"33-33-33\"><div class=\"wp-block-coblocks-row__inner has-no-padding has-no-margin is-stacked-on-mobile has-medium-gutter\">\n<div class=\"wp-block-coblocks-column coblocks-column-6814190365 col-row2\" style=\"width:33%\"><div class=\"wp-block-coblocks-column__inner has-no-padding has-no-margin\">\n<div class=\"wp-block-coblocks-row coblocks-row-68142650869\" data-columns=\"2\" data-layout=\"50-50\"><div class=\"wp-block-coblocks-row__inner has-no-padding has-no-margin is-stacked-on-mobile has-medium-gutter\">\n<div class=\"wp-block-coblocks-column has-text-align-center coblocks-column-68142652593\" style=\"width:30.00%\"><div class=\"wp-block-coblocks-column__inner has-no-padding has-no-margin\">\n<figure class=\"wp-block-image size-large custom-icon\"><img loading=\"lazy\" decoding=\"async\" width=\"255\" height=\"255\" src=\"https:\/\/sgcsped.it\/wp-content\/uploads\/2020\/07\/icon-support-1.png\" alt=\"\" class=\"wp-image-463\" srcset=\"https:\/\/sgcsped.it\/wp-content\/uploads\/2020\/07\/icon-support-1.png 255w, https:\/\/sgcsped.it\/wp-content\/uploads\/2020\/07\/icon-support-1-150x150.png 150w\" sizes=\"auto, (max-width: 255px) 100vw, 255px\" \/><\/figure>\n<\/div><\/div>\n\n\n\n<div class=\"wp-block-coblocks-column has-text-align-left coblocks-column-68142652755 desc-row2\" style=\"width:70.00%\"><div class=\"wp-block-coblocks-column__inner has-no-padding has-no-margin\">\n<p class=\"has-text-align-left row2-title has-medium-font-size\">CONTACTENOS<\/p>\n\n\n\n<p class=\"has-text-align-left has-small-font-size\"><a href=\"tel:\">+39 <\/a><a href=\"tel:0598303508\">059 83 03 508<\/a><\/p>\n<\/div><\/div>\n<\/div><\/div>\n<\/div><\/div>\n\n\n\n<div class=\"wp-block-coblocks-column coblocks-column-6814190385 col-row2\" style=\"width:33%\"><div class=\"wp-block-coblocks-column__inner has-no-padding has-no-margin\">\n<div class=\"wp-block-coblocks-row coblocks-row-68142650869\" data-columns=\"2\" data-layout=\"50-50\"><div class=\"wp-block-coblocks-row__inner has-no-padding has-no-margin is-stacked-on-mobile has-medium-gutter\">\n<div class=\"wp-block-coblocks-column has-text-align-center coblocks-column-68142652593\" style=\"width:30.00%\"><div class=\"wp-block-coblocks-column__inner has-no-padding has-no-margin\">\n<figure class=\"wp-block-image size-large custom-icon\"><img loading=\"lazy\" decoding=\"async\" width=\"180\" height=\"180\" src=\"https:\/\/sgcsped.it\/wp-content\/uploads\/2020\/07\/icona-luogo-1.png\" alt=\"\" class=\"wp-image-469\" srcset=\"https:\/\/sgcsped.it\/wp-content\/uploads\/2020\/07\/icona-luogo-1.png 180w, https:\/\/sgcsped.it\/wp-content\/uploads\/2020\/07\/icona-luogo-1-150x150.png 150w\" sizes=\"auto, (max-width: 180px) 100vw, 180px\" \/><\/figure>\n<\/div><\/div>\n\n\n\n<div class=\"wp-block-coblocks-column coblocks-column-68142652755 desc-row2\" style=\"width:70.00%\"><div class=\"wp-block-coblocks-column__inner has-no-padding has-no-margin\">\n<p class=\"has-text-align-left row2-title has-medium-font-size\">DONDE ESTAMOS<\/p>\n\n\n\n<p class=\"has-text-align-left has-small-font-size\">Viale Europa, 30\n41011 Campogalliano (Mo)<\/p>\n<\/div><\/div>\n<\/div><\/div>\n<\/div><\/div>\n\n\n\n<div class=\"wp-block-coblocks-column coblocks-column-6814190393 col-row2\" style=\"width:33%\"><div class=\"wp-block-coblocks-column__inner has-no-padding has-no-margin\">\n<div class=\"wp-block-coblocks-row coblocks-row-68142650869\" data-columns=\"2\" data-layout=\"50-50\"><div class=\"wp-block-coblocks-row__inner has-no-padding has-no-margin is-stacked-on-mobile has-medium-gutter\">\n<div class=\"wp-block-coblocks-column has-text-align-center coblocks-column-68142652593\" style=\"width:30.00%\"><div class=\"wp-block-coblocks-column__inner has-no-padding has-no-margin\">\n<figure class=\"wp-block-image size-large is-resized custom-icon\"><img loading=\"lazy\" decoding=\"async\" src=\"https:\/\/sgcsped.it\/wp-content\/uploads\/2020\/07\/icona-box-1.png\" alt=\"\" class=\"wp-image-466\" width=\"60\" height=\"60\" srcset=\"https:\/\/sgcsped.it\/wp-content\/uploads\/2020\/07\/icona-box-1.png 180w, https:\/\/sgcsped.it\/wp-content\/uploads\/2020\/07\/icona-box-1-150x150.png 150w\" sizes=\"auto, (max-width: 60px) 100vw, 60px\" \/><\/figure>\n<\/div><\/div>\n\n\n\n<div class=\"wp-block-coblocks-column coblocks-column-68142652755 desc-row2 button-form-home\" style=\"width:70.00%\"><div class=\"wp-block-coblocks-column__inner has-no-padding has-no-margin\">\n<p class=\"has-text-align-left row2-title has-medium-font-size\">SOLICITAR UNA CONTIZCION<\/p>\n\n\n\n<p class=\"has-text-align-left has-small-font-size\">Compila la tua richiesta???<\/p>\n<\/div><\/div>\n<\/div><\/div>\n<\/div><\/div>\n<\/div><\/div>\n<\/div><\/div>\n<\/div><\/div>\n\n\n<div id=\"pl-gb763-6a05971ef2c85\"  class=\"panel-layout\" ><div id=\"pg-gb763-6a05971ef2c85-0\"  class=\"panel-grid panel-has-style\" ><div class=\"home-row3 panel-row-style panel-row-style-for-gb763-6a05971ef2c85-0\" ><div id=\"pgc-gb763-6a05971ef2c85-0-0\"  class=\"panel-grid-cell\" ><div id=\"panel-gb763-6a05971ef2c85-0-0-0\" class=\"so-panel widget widget_siteorigin-panels-builder panel-first-child panel-last-child\" data-index=\"0\" ><div id=\"pl-w5f96dbd9249a6\"  class=\"panel-layout\" ><div id=\"pg-w5f96dbd9249a6-0\"  class=\"panel-grid panel-has-style\" ><div class=\"row panel-row-style panel-row-style-for-w5f96dbd9249a6-0\" ><div id=\"pgc-w5f96dbd9249a6-0-0\"  class=\"panel-grid-cell\" ><div id=\"panel-w5f96dbd9249a6-0-0-0\" class=\"so-panel widget widget_sow-image panel-first-child\" data-index=\"0\" ><div\n\t\t\t\n\t\t\tclass=\"so-widget-sow-image so-widget-sow-image-default-c67d20f9f743\"\n\t\t\t\n\t\t>\n<div class=\"sow-image-container\">\n\t\t<img loading=\"lazy\" decoding=\"async\" src=\"https:\/\/sgcsped.it\/wp-content\/uploads\/2020\/10\/icon-home-row3-1.png\" width=\"450\" height=\"80\" srcset=\"https:\/\/sgcsped.it\/wp-content\/uploads\/2020\/10\/icon-home-row3-1.png 450w, https:\/\/sgcsped.it\/wp-content\/uploads\/2020\/10\/icon-home-row3-1-300x53.png 300w\" sizes=\"auto, (max-width: 450px) 100vw, 450px\" title=\"icon-home-row3\" alt=\"\" \t\tclass=\"so-widget-image\"\/>\n\t<\/div>\n\n<\/div><\/div><div id=\"panel-w5f96dbd9249a6-0-0-1\" class=\"so-panel widget widget_sow-headline\" data-index=\"1\" ><div\n\t\t\t\n\t\t\tclass=\"so-widget-sow-headline so-widget-sow-headline-default-771b70f7f01f\"\n\t\t\t\n\t\t><div class=\"sow-headline-container \">\n\t\t\t\t\t\t\t<h2 class=\"sow-headline\">\n\t\t\t\t\t\tNUESTRA COMPA\u00d1\u00cdA\t\t\t\t\t\t<\/h2>\n\t\t\t\t\t\t<\/div>\n<\/div><\/div><div id=\"panel-w5f96dbd9249a6-0-0-2\" class=\"so-panel widget widget_sow-editor panel-last-child\" data-index=\"2\" ><div\n\t\t\t\n\t\t\tclass=\"so-widget-sow-editor so-widget-sow-editor-base\"\n\t\t\t\n\t\t>\n<div class=\"siteorigin-widget-tinymce textwidget\">\n\t<p>S.G.C. SPEDIZIONI SRL nace de la fusi\u00f3n entre A&amp;G LOGISTIC SRL y S.G.C. SRL\u00a0 y es el resultado de m\u00e1s de veinte a\u00f1os de experiencia maturada en el sector de los transportes internacionales por los socios fundadores.<\/p>\n<p>La uni\u00f3n de estas dos compa\u00f1ias, cada una con su propia especializaci\u00f3n en el \u00e1mbito de los transportes, nos permitir\u00e1 enriquecer nuestra oferta y responder a las necesidades de las empresas que buscan asistencia en el\u00a0<em>gran mundo<\/em>\u00a0de la log\u00edstica.<\/p>\n<p>Nos proponemos como interlocutores cualificados, fiables, din\u00e1micos y siempre en busca de las mejores soluciones para los transportes y la log\u00edstica.<\/p>\n<\/div>\n<\/div><\/div><\/div><div id=\"pgc-w5f96dbd9249a6-0-1\"  class=\"panel-grid-cell\" ><div id=\"panel-w5f96dbd9249a6-0-1-0\" class=\"so-panel widget widget_sow-headline panel-first-child\" data-index=\"3\" ><div\n\t\t\t\n\t\t\tclass=\"so-widget-sow-headline so-widget-sow-headline-default-771b70f7f01f\"\n\t\t\t\n\t\t><div class=\"sow-headline-container \">\n\t\t\t\t\t\t\t<h2 class=\"sow-headline\">\n\t\t\t\t\t\tNUESTRA FILOSOF\u00cdA\t\t\t\t\t\t<\/h2>\n\t\t\t\t\t\t<\/div>\n<\/div><\/div><div id=\"panel-w5f96dbd9249a6-0-1-1\" class=\"so-panel widget widget_sow-editor panel-last-child\" data-index=\"4\" ><div\n\t\t\t\n\t\t\tclass=\"so-widget-sow-editor so-widget-sow-editor-base\"\n\t\t\t\n\t\t>\n<div class=\"siteorigin-widget-tinymce textwidget\">\n\t<p>La diversidad es una caracter\u00edstica fundamental tanto del comercio interior como del comercio exterior.\u00a0 Por eso un elevado nivel de experiencia y la investigaci\u00f3n continua de soluciones a medida son la clave para reducir los riesgos as\u00ed como los costes, asegurando un acceso estrat\u00e9gico al mercado global.<\/p>\n<p>Nuestra \u201cmisi\u00f3n\u201d es aportar un valor a\u00f1adido a la cadena de los intercambios internacionales.<\/p>\n<p>Trabajamos para ofrecer:<\/p>\n<ul>\n<li>Profesionalidad<\/li>\n<li>Compromiso serio y continuo en la gesti\u00f3n de los embarques<\/li>\n<li>Actualizaciones peri\u00f3dicas y regulares<\/li>\n<li>Asistencia en cada fase del env\u00edo:\u00a0 empezando por la documentaci\u00f3n y terminando por la entrega al lugar designado.<\/li>\n<\/ul>\n<\/div>\n<\/div><\/div><\/div><\/div><\/div><\/div><\/div><\/div><\/div><\/div><\/div>\n\n\n<div class=\"wp-block-coblocks-row coblocks-row-727101856191 home-row4\" data-columns=\"1\" data-layout=\"100\"><div class=\"home-row4 wp-block-coblocks-row__inner bg-cover has-background-image bg-no-repeat bg-center-center has-no-padding has-no-margin is-stacked-on-mobile has-medium-gutter\" style=\"background-image:url(https:\/\/sgcsped.it\/wp-content\/uploads\/2020\/06\/turned-on-light-crane-home-lower.png)\">\n<div class=\"wp-block-coblocks-column coblocks-column-727101858177\" style=\"width:100%\"><div class=\"wp-block-coblocks-column__inner has-no-padding has-no-margin\">\n<div class=\"wp-block-coblocks-row coblocks-row-522113050877 row\" data-columns=\"1\" data-layout=\"100\"><div class=\"row wp-block-coblocks-row__inner has-no-padding has-no-margin is-stacked-on-mobile has-medium-gutter\">\n<div class=\"wp-block-coblocks-column coblocks-column-522114611393\" style=\"width:100%\"><div class=\"wp-block-coblocks-column__inner has-no-padding has-no-margin\">\n<p class=\"has-text-align-center row4-title\" style=\"font-size:30px\">NUESTRO SERVICIOS<\/p>\n\n\n\n<p class=\"has-text-align-center\">Nuestros clientes pueden contar con un&nbsp;<em>servicio dedicado.&nbsp;<\/em>Nos encargamos de gestionar vuestras \u00f3rdenes en todas las fases del transporte.&nbsp;<br>Parte de nuestro trabajo es apoyar las empresas que acaban de acercarse al mundo de los transportes internacionales, ofrecendo las mejores soluciones y facilitando el conocimiento de las reglas de los transportes internacionales.<strong>&nbsp; &nbsp;&nbsp;<\/strong><\/p>\n\n\n\n<p class=\"has-text-align-center\"><strong><strong>TRASPORTES IMPORT\/EXPORT&nbsp; MAR\u00cdTIMOS, A\u00c9REOS, POR TREN Y POR CAMI\u00d3N&nbsp;<br>LOG\u00cdSTICA<br>CONSULTOR\u00cdA SOBRE TODAS LAS CUESTIONES ADUANERAS Y DE DOCUMENTACI\u00d3N (POR EJEMPLO CARTAS DE CR\u00c9DITO)<br>SERVICIOS FCL Y LCL<br>CARGA PELIGROSA, CARGA GENERAL Y EMBARQUES RO-RO<br>EXPRESS COURIER CON SALIDAS D\u00cdARIAS DESDE Y HACIA TODAS PARTES EN EL MUNDO&nbsp;<\/strong><\/strong><\/p>\n\n\n\n<div class=\"wp-block-buttons is-layout-flex wp-block-buttons-is-layout-flex\">\n<div class=\"wp-block-button button-inverted\"><a class=\"wp-block-button__link\" href=\"https:\/\/sgcsped.it\/es\/servicios\/\" rel=\"\">Saber m\u00e0s<\/a><\/div>\n<\/div>\n<\/div><\/div>\n<\/div><\/div>\n<\/div><\/div>\n<\/div><\/div>\n","protected":false},"excerpt":{"rendered":"","protected":false},"author":1,"featured_media":0,"parent":0,"menu_order":0,"comment_status":"closed","ping_status":"closed","template":"template\/template-w100-home.php","meta":{"_acf_changed":false,"_coblocks_attr":"","_coblocks_dimensions":"","_coblocks_responsive_height":"","_coblocks_accordion_ie_support":"","footnotes":""},"class_list":["post-763","page","type-page","status-publish","hentry"],"acf":[],"yoast_head":"<!-- This site is optimized with the Yoast SEO plugin v24.9 - https:\/\/yoast.com\/wordpress\/plugins\/seo\/ -->\n<title>Home - SGC sped<\/title>\n<meta name=\"robots\" content=\"index, follow, max-snippet:-1, max-image-preview:large, max-video-preview:-1\" \/>\n<link rel=\"canonical\" href=\"https:\/\/sgcsped.it\/es\/\" \/>\n<meta property=\"og:locale\" content=\"es_ES\" \/>\n<meta property=\"og:type\" content=\"article\" \/>\n<meta property=\"og:title\" content=\"Home - SGC sped\" \/>\n<meta property=\"og:url\" content=\"https:\/\/sgcsped.it\/es\/\" \/>\n<meta property=\"og:site_name\" content=\"SGC sped\" \/>\n<meta property=\"article:modified_time\" content=\"2020-10-26T14:48:35+00:00\" \/>\n<meta property=\"og:image\" content=\"https:\/\/sgcsped.it\/wp-content\/uploads\/2020\/07\/icon-support-1.png\" \/>\n<meta name=\"twitter:card\" content=\"summary_large_image\" \/>\n<meta name=\"twitter:label1\" content=\"Tiempo de lectura\" \/>\n\t<meta name=\"twitter:data1\" content=\"2 minutos\" \/>\n<script type=\"application\/ld+json\" class=\"yoast-schema-graph\">{\"@context\":\"https:\/\/schema.org\",\"@graph\":[{\"@type\":\"WebPage\",\"@id\":\"https:\/\/sgcsped.it\/es\/\",\"url\":\"https:\/\/sgcsped.it\/es\/\",\"name\":\"Home - SGC sped\",\"isPartOf\":{\"@id\":\"https:\/\/sgcsped.it\/#website\"},\"primaryImageOfPage\":{\"@id\":\"https:\/\/sgcsped.it\/es\/#primaryimage\"},\"image\":{\"@id\":\"https:\/\/sgcsped.it\/es\/#primaryimage\"},\"thumbnailUrl\":\"https:\/\/sgcsped.it\/wp-content\/uploads\/2020\/07\/icon-support-1.png\",\"datePublished\":\"2020-08-27T08:59:59+00:00\",\"dateModified\":\"2020-10-26T14:48:35+00:00\",\"inLanguage\":\"es\",\"potentialAction\":[{\"@type\":\"ReadAction\",\"target\":[\"https:\/\/sgcsped.it\/es\/\"]}]},{\"@type\":\"ImageObject\",\"inLanguage\":\"es\",\"@id\":\"https:\/\/sgcsped.it\/es\/#primaryimage\",\"url\":\"https:\/\/sgcsped.it\/wp-content\/uploads\/2020\/07\/icon-support-1.png\",\"contentUrl\":\"https:\/\/sgcsped.it\/wp-content\/uploads\/2020\/07\/icon-support-1.png\"},{\"@type\":\"WebSite\",\"@id\":\"https:\/\/sgcsped.it\/#website\",\"url\":\"https:\/\/sgcsped.it\/\",\"name\":\"SGC sped\",\"description\":\"Un nuovo sito targato WordPress\",\"publisher\":{\"@id\":\"https:\/\/sgcsped.it\/#organization\"},\"potentialAction\":[{\"@type\":\"SearchAction\",\"target\":{\"@type\":\"EntryPoint\",\"urlTemplate\":\"https:\/\/sgcsped.it\/?s={search_term_string}\"},\"query-input\":{\"@type\":\"PropertyValueSpecification\",\"valueRequired\":true,\"valueName\":\"search_term_string\"}}],\"inLanguage\":\"es\"},{\"@type\":\"Organization\",\"@id\":\"https:\/\/sgcsped.it\/#organization\",\"name\":\"SGC sped\",\"url\":\"https:\/\/sgcsped.it\/\",\"logo\":{\"@type\":\"ImageObject\",\"inLanguage\":\"es\",\"@id\":\"https:\/\/sgcsped.it\/#\/schema\/logo\/image\/\",\"url\":\"https:\/\/sgcsped.it\/wp-content\/uploads\/2020\/06\/cropped-logo-sgc-1500-sito.png\",\"contentUrl\":\"https:\/\/sgcsped.it\/wp-content\/uploads\/2020\/06\/cropped-logo-sgc-1500-sito.png\",\"width\":1500,\"height\":738,\"caption\":\"SGC sped\"},\"image\":{\"@id\":\"https:\/\/sgcsped.it\/#\/schema\/logo\/image\/\"}}]}<\/script>\n<!-- \/ Yoast SEO plugin. -->","yoast_head_json":{"title":"Home - SGC sped","robots":{"index":"index","follow":"follow","max-snippet":"max-snippet:-1","max-image-preview":"max-image-preview:large","max-video-preview":"max-video-preview:-1"},"canonical":"https:\/\/sgcsped.it\/es\/","og_locale":"es_ES","og_type":"article","og_title":"Home - SGC sped","og_url":"https:\/\/sgcsped.it\/es\/","og_site_name":"SGC sped","article_modified_time":"2020-10-26T14:48:35+00:00","og_image":[{"url":"https:\/\/sgcsped.it\/wp-content\/uploads\/2020\/07\/icon-support-1.png","type":"","width":"","height":""}],"twitter_card":"summary_large_image","twitter_misc":{"Tiempo de lectura":"2 minutos"},"schema":{"@context":"https:\/\/schema.org","@graph":[{"@type":"WebPage","@id":"https:\/\/sgcsped.it\/es\/","url":"https:\/\/sgcsped.it\/es\/","name":"Home - SGC sped","isPartOf":{"@id":"https:\/\/sgcsped.it\/#website"},"primaryImageOfPage":{"@id":"https:\/\/sgcsped.it\/es\/#primaryimage"},"image":{"@id":"https:\/\/sgcsped.it\/es\/#primaryimage"},"thumbnailUrl":"https:\/\/sgcsped.it\/wp-content\/uploads\/2020\/07\/icon-support-1.png","datePublished":"2020-08-27T08:59:59+00:00","dateModified":"2020-10-26T14:48:35+00:00","inLanguage":"es","potentialAction":[{"@type":"ReadAction","target":["https:\/\/sgcsped.it\/es\/"]}]},{"@type":"ImageObject","inLanguage":"es","@id":"https:\/\/sgcsped.it\/es\/#primaryimage","url":"https:\/\/sgcsped.it\/wp-content\/uploads\/2020\/07\/icon-support-1.png","contentUrl":"https:\/\/sgcsped.it\/wp-content\/uploads\/2020\/07\/icon-support-1.png"},{"@type":"WebSite","@id":"https:\/\/sgcsped.it\/#website","url":"https:\/\/sgcsped.it\/","name":"SGC sped","description":"Un nuovo sito targato WordPress","publisher":{"@id":"https:\/\/sgcsped.it\/#organization"},"potentialAction":[{"@type":"SearchAction","target":{"@type":"EntryPoint","urlTemplate":"https:\/\/sgcsped.it\/?s={search_term_string}"},"query-input":{"@type":"PropertyValueSpecification","valueRequired":true,"valueName":"search_term_string"}}],"inLanguage":"es"},{"@type":"Organization","@id":"https:\/\/sgcsped.it\/#organization","name":"SGC sped","url":"https:\/\/sgcsped.it\/","logo":{"@type":"ImageObject","inLanguage":"es","@id":"https:\/\/sgcsped.it\/#\/schema\/logo\/image\/","url":"https:\/\/sgcsped.it\/wp-content\/uploads\/2020\/06\/cropped-logo-sgc-1500-sito.png","contentUrl":"https:\/\/sgcsped.it\/wp-content\/uploads\/2020\/06\/cropped-logo-sgc-1500-sito.png","width":1500,"height":738,"caption":"SGC sped"},"image":{"@id":"https:\/\/sgcsped.it\/#\/schema\/logo\/image\/"}}]}},"_links":{"self":[{"href":"https:\/\/sgcsped.it\/es\/wp-json\/wp\/v2\/pages\/763","targetHints":{"allow":["GET"]}}],"collection":[{"href":"https:\/\/sgcsped.it\/es\/wp-json\/wp\/v2\/pages"}],"about":[{"href":"https:\/\/sgcsped.it\/es\/wp-json\/wp\/v2\/types\/page"}],"author":[{"embeddable":true,"href":"https:\/\/sgcsped.it\/es\/wp-json\/wp\/v2\/users\/1"}],"replies":[{"embeddable":true,"href":"https:\/\/sgcsped.it\/es\/wp-json\/wp\/v2\/comments?post=763"}],"version-history":[{"count":10,"href":"https:\/\/sgcsped.it\/es\/wp-json\/wp\/v2\/pages\/763\/revisions"}],"predecessor-version":[{"id":934,"href":"https:\/\/sgcsped.it\/es\/wp-json\/wp\/v2\/pages\/763\/revisions\/934"}],"wp:attachment":[{"href":"https:\/\/sgcsped.it\/es\/wp-json\/wp\/v2\/media?parent=763"}],"curies":[{"name":"wp","href":"https:\/\/api.w.org\/{rel}","templated":true}]}}